{"id":24917,"date":"2023-11-24T09:00:34","date_gmt":"2023-11-24T09:00:34","guid":{"rendered":"https:\/\/business.neosurf.com\/suiza\/"},"modified":"2025-06-09T09:40:04","modified_gmt":"2025-06-09T09:40:04","slug":"contact-us","status":"publish","type":"page","link":"https:\/\/business.neosurf.com\/es\/contact-us\/","title":{"rendered":"Contact"},"content":{"rendered":"<p>[et_pb_section fb_built=\u00bb1&#8243; admin_label=\u00bbJoin Now Call to Action\u00bb _builder_version=\u00bb4.23.1&#8243; background_color=\u00bb#E72582&#8243; custom_margin=\u00bb|||\u00bb custom_padding=\u00bb3px|0px|1px|0px||\u00bb locked=\u00bboff\u00bb global_colors_info=\u00bb{}\u00bb][et_pb_row column_structure=\u00bb2_5,3_5&#8243; _builder_version=\u00bb4.27.4&#8243; _module_preset=\u00bbdefault\u00bb custom_padding=\u00bb|0px||||\u00bb hover_enabled=\u00bb0&#8243; global_colors_info=\u00bb{}\u00bb sticky_enabled=\u00bb0&#8243;][et_pb_column type=\u00bb2_5&#8243; _builder_version=\u00bb4.27.3&#8243; _module_preset=\u00bbdefault\u00bb border_color_right=\u00bb#FFFFFF\u00bb global_colors_info=\u00bb{}\u00bb][et_pb_text _builder_version=\u00bb4.27.3&#8243; text_font=\u00bbPoppins||||||||\u00bb text_text_color=\u00bbrgba(255,255,255,0.8)\u00bb text_font_size=\u00bb18px\u00bb text_line_height=\u00bb1.8em\u00bb header_font=\u00bb&#8211;et_global_body_font|600|||||||\u00bb header_text_color=\u00bb#ffffff\u00bb header_font_size=\u00bb46px\u00bb header_letter_spacing=\u00bb-2px\u00bb header_line_height=\u00bb62.64px\u00bb header_3_font=\u00bb&#8211;et_global_body_font|600|||||||\u00bb header_3_font_size=\u00bb36px\u00bb header_3_line_height=\u00bb1.4em\u00bb background_layout=\u00bbdark\u00bb max_width=\u00bb600px\u00bb module_alignment=\u00bbleft\u00bb custom_margin=\u00bb-2px|||||\u00bb custom_padding=\u00bb0px||5px|||\u00bb global_colors_info=\u00bb{}\u00bb]<\/p>\n<h1>Ponte en contacto<\/h1>\n<p>[\/et_pb_text][\/et_pb_column][et_pb_column type=\u00bb3_5&#8243; _builder_version=\u00bb4.27.3&#8243; _module_preset=\u00bbdefault\u00bb global_colors_info=\u00bb{}\u00bb][et_pb_text _builder_version=\u00bb4.27.3&#8243; text_font=\u00bbOpen Sans|500|||||||\u00bb text_text_color=\u00bb#FFFFFF\u00bb text_line_height=\u00bb18px\u00bb header_font=\u00bbPoppins|600|||||||\u00bb header_text_color=\u00bb#ffffff\u00bb header_font_size=\u00bb48px\u00bb header_line_height=\u00bb1.4em\u00bb header_3_font=\u00bbPoppins|600|||||||\u00bb header_3_font_size=\u00bb36px\u00bb header_3_line_height=\u00bb1.4em\u00bb background_layout=\u00bbdark\u00bb max_width=\u00bb600px\u00bb module_alignment=\u00bbleft\u00bb custom_margin=\u00bb16px||||false|false\u00bb global_colors_info=\u00bb{}\u00bb]<\/p>\n<p>Neosurf ha permitido a los jugadores de cash pagar y jugar online durante 20 a\u00f1os en 2024. Venga y hable con nosotros sobre c\u00f3mo nuestra amplia experiencia puede ayudarle.<\/p>\n<p>[\/et_pb_text][\/et_pb_column][\/et_pb_row][\/et_pb_section][et_pb_section fb_built=\u00bb1&#8243; admin_label=\u00bbHeader\u00bb _builder_version=\u00bb4.16&#8243; _module_preset=\u00bbdefault\u00bb background_color=\u00bb#f0f0f4&#8243; custom_padding=\u00bb||0px|||\u00bb locked=\u00bboff\u00bb global_colors_info=\u00bb{}\u00bb][et_pb_row column_structure=\u00bb1_3,2_3&#8243; use_custom_gutter=\u00bbon\u00bb gutter_width=\u00bb4&#8243; _builder_version=\u00bb4.27.3&#8243; _module_preset=\u00bbdefault\u00bb custom_padding=\u00bb||0px|||\u00bb global_colors_info=\u00bb{}\u00bb][et_pb_column type=\u00bb1_3&#8243; _builder_version=\u00bb4.16&#8243; _module_preset=\u00bbdefault\u00bb global_colors_info=\u00bb{}\u00bb][et_pb_text _builder_version=\u00bb4.27.3&#8243; text_font=\u00bbOpen Sans||||||||\u00bb text_text_color=\u00bb#000000&#8243; link_font=\u00bbOpen Sans||||||||\u00bb link_text_color=\u00bb#E72582&#8243; header_3_font=\u00bbOpen Sans|700|||||||\u00bb header_3_text_color=\u00bb#000000&#8243; header_3_font_size=\u00bb24px\u00bb header_3_line_height=\u00bb1.2em\u00bb background_enable_color=\u00bboff\u00bb custom_margin=\u00bb||20px||false|false\u00bb header_3_font_size_tablet=\u00bb14px\u00bb header_3_font_size_phone=\u00bb\u00bb header_3_font_size_last_edited=\u00bbon|phone\u00bb locked=\u00bboff\u00bb global_colors_info=\u00bb{}\u00bb]<\/p>\n<h3>Comerciante actual<\/h3>\n<p><span>P\u00f3ngase en contacto con:<br \/><a href=\"mailto:merchantsupport@neosurf.com\" target=\"_blank\" rel=\"noopener\">merchantsupport@neosurf.com<\/a><\/span><\/p>\n<p>[\/et_pb_text][et_pb_divider _builder_version=\u00bb4.27.3&#8243; _module_preset=\u00bbdefault\u00bb custom_margin=\u00bb||-7px|||\u00bb custom_padding=\u00bb||1px|||\u00bb global_colors_info=\u00bb{}\u00bb][\/et_pb_divider][et_pb_text _builder_version=\u00bb4.27.3&#8243; text_font=\u00bbOpen Sans||||||||\u00bb text_text_color=\u00bb#000000&#8243; link_font=\u00bbOpen Sans||||||||\u00bb link_text_color=\u00bb#E72582&#8243; header_3_font=\u00bbOpen Sans|700|||||||\u00bb header_3_text_color=\u00bb#000000&#8243; header_3_font_size=\u00bb24px\u00bb header_3_line_height=\u00bb1.2em\u00bb background_enable_color=\u00bboff\u00bb custom_margin=\u00bb||20px||false|false\u00bb header_3_font_size_tablet=\u00bb14px\u00bb header_3_font_size_phone=\u00bb\u00bb header_3_font_size_last_edited=\u00bbon|phone\u00bb locked=\u00bboff\u00bb global_colors_info=\u00bb{}\u00bb]<\/p>\n<h3>Cliente<\/h3>\n<p><span>P\u00f3ngase en contacto con: <br \/><a href=\"mailto:support@neosurf.com\" target=\"_blank\" rel=\"noopener\">support@neosurf.com<\/a><\/span><\/p>\n<p>[\/et_pb_text][et_pb_divider _builder_version=\u00bb4.27.3&#8243; _module_preset=\u00bbdefault\u00bb custom_margin=\u00bb||-7px|||\u00bb custom_padding=\u00bb||1px|||\u00bb global_colors_info=\u00bb{}\u00bb][\/et_pb_divider][et_pb_text _builder_version=\u00bb4.27.3&#8243; text_font=\u00bbOpen Sans||||||||\u00bb text_text_color=\u00bb#000000&#8243; link_font=\u00bbOpen Sans||||||||\u00bb link_text_color=\u00bb#E72582&#8243; header_3_font=\u00bbOpen Sans|700|||||||\u00bb header_3_text_color=\u00bb#000000&#8243; header_3_font_size=\u00bb24px\u00bb header_3_line_height=\u00bb1.2em\u00bb background_enable_color=\u00bboff\u00bb custom_margin=\u00bb||20px||false|false\u00bb header_3_font_size_tablet=\u00bb14px\u00bb header_3_font_size_phone=\u00bb\u00bb header_3_font_size_last_edited=\u00bbon|phone\u00bb locked=\u00bboff\u00bb global_colors_info=\u00bb{}\u00bb]<\/p>\n<h3>Empresas<\/h3>\n<p>Para consultas comerciales, rellene el formulario.<\/p>\n<p>[\/et_pb_text][et_pb_icon font_icon=\u00bb&#x24;||divi||400&#8243; icon_width=\u00bb70px\u00bb align=\u00bbleft\u00bb _builder_version=\u00bb4.27.3&#8243; _module_preset=\u00bbdefault\u00bb global_colors_info=\u00bb{}\u00bb][\/et_pb_icon][\/et_pb_column][et_pb_column type=\u00bb2_3&#8243; _builder_version=\u00bb4.27.3&#8243; _module_preset=\u00bbdefault\u00bb custom_padding=\u00bb|60px|||false|false\u00bb custom_padding_tablet=\u00bb|0px|||false|false\u00bb custom_padding_phone=\u00bb\u00bb custom_padding_last_edited=\u00bbon|tablet\u00bb border_color_all=\u00bbrgba(51,51,51,0.24)\u00bb border_color_right=\u00bb#E72582&#8243; border_color_left=\u00bb#E72582&#8243; border_width_right_tablet=\u00bb0px\u00bb border_width_right_phone=\u00bb\u00bb border_width_right_last_edited=\u00bbon|tablet\u00bb global_colors_info=\u00bb{}\u00bb][et_pb_code _builder_version=\u00bb4.27.3&#8243; _module_preset=\u00bbdefault\u00bb custom_padding=\u00bb0px||0px|||\u00bb global_colors_info=\u00bb{}\u00bb]<iframe loading=\"lazy\" src=\"https:\/\/merchant-mail.neosurf.com\/acton\/fs\/blocks\/showLandingPage\/a\/45197\/p\/p-0027\/t\/page\/fm\/0\" style=\"border:0px #ffffff none;\" name=\"myiFrame\" scrolling=\"no\" frameborder=\"0\" marginheight=\"0px\" marginwidth=\"0px\" height=\"1000px\" width=\"1000px\" allowfullscreen><\/iframe>[\/et_pb_code][\/et_pb_column][\/et_pb_row][\/et_pb_section]<\/p>\n","protected":false},"excerpt":{"rendered":"<p>Ponte en contactoNeosurf ha permitido a los jugadores de cash pagar y jugar online durante 20 a\u00f1os en 2024. Venga y hable con nosotros sobre c\u00f3mo nuestra amplia experiencia puede ayudarle.Comerciante actual P\u00f3ngase en contacto con:merchantsupport@neosurf.comCliente P\u00f3ngase en contacto con: support@neosurf.comEmpresas Para consultas comerciales, rellene el formulario.<\/p>\n","protected":false},"author":3,"featured_media":0,"parent":0,"menu_order":0,"comment_status":"closed","ping_status":"closed","template":"","meta":{"_et_pb_use_builder":"on","_et_pb_old_content":"","_et_gb_content_width":"","_exactmetrics_skip_tracking":false,"_exactmetrics_sitenote_active":false,"_exactmetrics_sitenote_note":"","_exactmetrics_sitenote_category":0,"footnotes":""},"class_list":["post-24917","page","type-page","status-publish","hentry"],"yoast_head":"<!-- This site is optimized with the Yoast SEO plugin v26.8 - https:\/\/yoast.com\/product\/yoast-seo-wordpress\/ -->\n<title>Contacte a Neosurf | \u00bfC\u00f3mo podemos ayudarle?<\/title>\n<meta name=\"robots\" content=\"index, follow, max-snippet:-1, max-image-preview:large, max-video-preview:-1\" \/>\n<link rel=\"canonical\" href=\"https:\/\/business.neosurf.com\/es\/contact-us\/\" \/>\n<meta property=\"og:locale\" content=\"es_ES\" \/>\n<meta property=\"og:type\" content=\"article\" \/>\n<meta property=\"og:title\" content=\"Contacte a Neosurf | \u00bfC\u00f3mo podemos ayudarle?\" \/>\n<meta property=\"og:description\" content=\"Ponte en contactoNeosurf ha permitido a los jugadores de cash pagar y jugar online durante 20 a\u00f1os en 2024. Venga y hable con nosotros sobre c\u00f3mo nuestra amplia experiencia puede ayudarle.Comerciante actual P\u00f3ngase en contacto con:merchantsupport@neosurf.comCliente P\u00f3ngase en contacto con: support@neosurf.comEmpresas Para consultas comerciales, rellene el formulario.\" \/>\n<meta property=\"og:url\" content=\"https:\/\/business.neosurf.com\/es\/contact-us\/\" \/>\n<meta property=\"og:site_name\" content=\"Neosurf\" \/>\n<meta property=\"article:modified_time\" content=\"2025-06-09T09:40:04+00:00\" \/>\n<meta property=\"og:image\" content=\"https:\/\/business.neosurf.com\/wp-content\/uploads\/2023\/10\/NS_LOGOS_SSPPO_E72582_BACKGROUND.png\" \/>\n\t<meta property=\"og:image:width\" content=\"1083\" \/>\n\t<meta property=\"og:image:height\" content=\"730\" \/>\n\t<meta property=\"og:image:type\" content=\"image\/png\" \/>\n<meta name=\"twitter:card\" content=\"summary_large_image\" \/>\n<meta name=\"twitter:label1\" content=\"Tiempo de lectura\" \/>\n\t<meta name=\"twitter:data1\" content=\"4 minutos\" \/>\n<script type=\"application\/ld+json\" class=\"yoast-schema-graph\">{\"@context\":\"https:\/\/schema.org\",\"@graph\":[{\"@type\":\"WebPage\",\"@id\":\"https:\/\/business.neosurf.com\/es\/contact-us\/\",\"url\":\"https:\/\/business.neosurf.com\/es\/contact-us\/\",\"name\":\"Contacte a Neosurf | \u00bfC\u00f3mo podemos ayudarle?\",\"isPartOf\":{\"@id\":\"https:\/\/business.neosurf.com\/es\/#website\"},\"datePublished\":\"2023-11-24T09:00:34+00:00\",\"dateModified\":\"2025-06-09T09:40:04+00:00\",\"breadcrumb\":{\"@id\":\"https:\/\/business.neosurf.com\/es\/contact-us\/#breadcrumb\"},\"inLanguage\":\"es\",\"potentialAction\":[{\"@type\":\"ReadAction\",\"target\":[\"https:\/\/business.neosurf.com\/es\/contact-us\/\"]}]},{\"@type\":\"BreadcrumbList\",\"@id\":\"https:\/\/business.neosurf.com\/es\/contact-us\/#breadcrumb\",\"itemListElement\":[{\"@type\":\"ListItem\",\"position\":1,\"name\":\"Home\",\"item\":\"https:\/\/business.neosurf.com\/es\/\"},{\"@type\":\"ListItem\",\"position\":2,\"name\":\"Contact\"}]},{\"@type\":\"WebSite\",\"@id\":\"https:\/\/business.neosurf.com\/es\/#website\",\"url\":\"https:\/\/business.neosurf.com\/es\/\",\"name\":\"neoukteam-dev-businessneosurf.pf6002.wpserveur.net\",\"description\":\"So Simple to Pay and Play Online | Payments with Personality\",\"publisher\":{\"@id\":\"https:\/\/business.neosurf.com\/es\/#organization\"},\"potentialAction\":[{\"@type\":\"SearchAction\",\"target\":{\"@type\":\"EntryPoint\",\"urlTemplate\":\"https:\/\/business.neosurf.com\/es\/?s={search_term_string}\"},\"query-input\":{\"@type\":\"PropertyValueSpecification\",\"valueRequired\":true,\"valueName\":\"search_term_string\"}}],\"inLanguage\":\"es\"},{\"@type\":\"Organization\",\"@id\":\"https:\/\/business.neosurf.com\/es\/#organization\",\"name\":\"neoukteam-dev-businessneosurf.pf6002.wpserveur.net\",\"url\":\"https:\/\/business.neosurf.com\/es\/\",\"logo\":{\"@type\":\"ImageObject\",\"inLanguage\":\"es\",\"@id\":\"https:\/\/business.neosurf.com\/es\/#\/schema\/logo\/image\/\",\"url\":\"https:\/\/business.neosurf.com\/wp-content\/uploads\/2021\/02\/Neosurf-logo-full-white-980x482-1.png\",\"contentUrl\":\"https:\/\/business.neosurf.com\/wp-content\/uploads\/2021\/02\/Neosurf-logo-full-white-980x482-1.png\",\"width\":980,\"height\":482,\"caption\":\"neoukteam-dev-businessneosurf.pf6002.wpserveur.net\"},\"image\":{\"@id\":\"https:\/\/business.neosurf.com\/es\/#\/schema\/logo\/image\/\"},\"sameAs\":[\"https:\/\/www.linkedin.com\/company\/neosurf-cards\/\"]}]}<\/script>\n<!-- \/ Yoast SEO plugin. -->","yoast_head_json":{"title":"Contacte a Neosurf | \u00bfC\u00f3mo podemos ayudarle?","robots":{"index":"index","follow":"follow","max-snippet":"max-snippet:-1","max-image-preview":"max-image-preview:large","max-video-preview":"max-video-preview:-1"},"canonical":"https:\/\/business.neosurf.com\/es\/contact-us\/","og_locale":"es_ES","og_type":"article","og_title":"Contacte a Neosurf | \u00bfC\u00f3mo podemos ayudarle?","og_description":"Ponte en contactoNeosurf ha permitido a los jugadores de cash pagar y jugar online durante 20 a\u00f1os en 2024. Venga y hable con nosotros sobre c\u00f3mo nuestra amplia experiencia puede ayudarle.Comerciante actual P\u00f3ngase en contacto con:merchantsupport@neosurf.comCliente P\u00f3ngase en contacto con: support@neosurf.comEmpresas Para consultas comerciales, rellene el formulario.","og_url":"https:\/\/business.neosurf.com\/es\/contact-us\/","og_site_name":"Neosurf","article_modified_time":"2025-06-09T09:40:04+00:00","og_image":[{"width":1083,"height":730,"url":"https:\/\/business.neosurf.com\/wp-content\/uploads\/2023\/10\/NS_LOGOS_SSPPO_E72582_BACKGROUND.png","type":"image\/png"}],"twitter_card":"summary_large_image","twitter_misc":{"Tiempo de lectura":"4 minutos"},"schema":{"@context":"https:\/\/schema.org","@graph":[{"@type":"WebPage","@id":"https:\/\/business.neosurf.com\/es\/contact-us\/","url":"https:\/\/business.neosurf.com\/es\/contact-us\/","name":"Contacte a Neosurf | \u00bfC\u00f3mo podemos ayudarle?","isPartOf":{"@id":"https:\/\/business.neosurf.com\/es\/#website"},"datePublished":"2023-11-24T09:00:34+00:00","dateModified":"2025-06-09T09:40:04+00:00","breadcrumb":{"@id":"https:\/\/business.neosurf.com\/es\/contact-us\/#breadcrumb"},"inLanguage":"es","potentialAction":[{"@type":"ReadAction","target":["https:\/\/business.neosurf.com\/es\/contact-us\/"]}]},{"@type":"BreadcrumbList","@id":"https:\/\/business.neosurf.com\/es\/contact-us\/#breadcrumb","itemListElement":[{"@type":"ListItem","position":1,"name":"Home","item":"https:\/\/business.neosurf.com\/es\/"},{"@type":"ListItem","position":2,"name":"Contact"}]},{"@type":"WebSite","@id":"https:\/\/business.neosurf.com\/es\/#website","url":"https:\/\/business.neosurf.com\/es\/","name":"neoukteam-dev-businessneosurf.pf6002.wpserveur.net","description":"So Simple to Pay and Play Online | Payments with Personality","publisher":{"@id":"https:\/\/business.neosurf.com\/es\/#organization"},"potentialAction":[{"@type":"SearchAction","target":{"@type":"EntryPoint","urlTemplate":"https:\/\/business.neosurf.com\/es\/?s={search_term_string}"},"query-input":{"@type":"PropertyValueSpecification","valueRequired":true,"valueName":"search_term_string"}}],"inLanguage":"es"},{"@type":"Organization","@id":"https:\/\/business.neosurf.com\/es\/#organization","name":"neoukteam-dev-businessneosurf.pf6002.wpserveur.net","url":"https:\/\/business.neosurf.com\/es\/","logo":{"@type":"ImageObject","inLanguage":"es","@id":"https:\/\/business.neosurf.com\/es\/#\/schema\/logo\/image\/","url":"https:\/\/business.neosurf.com\/wp-content\/uploads\/2021\/02\/Neosurf-logo-full-white-980x482-1.png","contentUrl":"https:\/\/business.neosurf.com\/wp-content\/uploads\/2021\/02\/Neosurf-logo-full-white-980x482-1.png","width":980,"height":482,"caption":"neoukteam-dev-businessneosurf.pf6002.wpserveur.net"},"image":{"@id":"https:\/\/business.neosurf.com\/es\/#\/schema\/logo\/image\/"},"sameAs":["https:\/\/www.linkedin.com\/company\/neosurf-cards\/"]}]}},"_links":{"self":[{"href":"https:\/\/business.neosurf.com\/es\/wp-json\/wp\/v2\/pages\/24917","targetHints":{"allow":["GET"]}}],"collection":[{"href":"https:\/\/business.neosurf.com\/es\/wp-json\/wp\/v2\/pages"}],"about":[{"href":"https:\/\/business.neosurf.com\/es\/wp-json\/wp\/v2\/types\/page"}],"author":[{"embeddable":true,"href":"https:\/\/business.neosurf.com\/es\/wp-json\/wp\/v2\/users\/3"}],"replies":[{"embeddable":true,"href":"https:\/\/business.neosurf.com\/es\/wp-json\/wp\/v2\/comments?post=24917"}],"version-history":[{"count":3,"href":"https:\/\/business.neosurf.com\/es\/wp-json\/wp\/v2\/pages\/24917\/revisions"}],"predecessor-version":[{"id":26103,"href":"https:\/\/business.neosurf.com\/es\/wp-json\/wp\/v2\/pages\/24917\/revisions\/26103"}],"wp:attachment":[{"href":"https:\/\/business.neosurf.com\/es\/wp-json\/wp\/v2\/media?parent=24917"}],"curies":[{"name":"wp","href":"https:\/\/api.w.org\/{rel}","templated":true}]}}