{"id":24958,"date":"2021-06-07T14:13:36","date_gmt":"2021-06-07T14:13:36","guid":{"rendered":"https:\/\/business.neosurf.com\/suiza-13\/"},"modified":"2025-05-02T10:28:36","modified_gmt":"2025-05-02T10:28:36","slug":"suiza-13","status":"publish","type":"page","link":"https:\/\/business.neosurf.com\/es\/suiza-13\/","title":{"rendered":"Suiza"},"content":{"rendered":"<p>[et_pb_section fb_built=\u00bb1&#8243; admin_label=\u00bbFAQ\u00bb _builder_version=\u00bb4.16&#8243; use_background_color_gradient=\u00bbon\u00bb background_color_gradient_direction=\u00bb160deg\u00bb background_color_gradient_stops=\u00bb#000000 0%|rgba(0,0,0,0) 100%\u00bb background_color_gradient_overlays_image=\u00bbon\u00bb background_color_gradient_start=\u00bb#000000&#8243; background_color_gradient_end=\u00bbrgba(0,0,0,0)\u00bb background_image=\u00bbhttps:\/\/business.neosurf.com\/wp-content\/uploads\/2021\/02\/amack_consultants_corporate_photography-7-scaled.jpg\u00bb background_blend=\u00bbdarken\u00bb min_height=\u00bb441px\u00bb custom_margin=\u00bb|||\u00bb custom_padding=\u00bb60px|0px|50px|0px||\u00bb global_colors_info=\u00bb{}\u00bb][et_pb_row _builder_version=\u00bb4.16&#8243; min_height=\u00bb228px\u00bb custom_padding=\u00bb50px|||||\u00bb global_colors_info=\u00bb{}\u00bb][et_pb_column type=\u00bb4_4&#8243; _builder_version=\u00bb4.16&#8243; custom_padding=\u00bb|||\u00bb global_colors_info=\u00bb{}\u00bb custom_padding__hover=\u00bb|||\u00bb][et_pb_text admin_label=\u00bbTitle\u00bb _builder_version=\u00bb4.27.3&#8243; text_font=\u00bbMontserrat||||||||\u00bb text_text_color=\u00bb#747d88&#8243; text_font_size=\u00bb16px\u00bb text_line_height=\u00bb1.9em\u00bb header_font=\u00bb&#8211;et_global_body_font|700|||||||\u00bb header_text_color=\u00bb#FFFFFF\u00bb header_font_size=\u00bb40px\u00bb header_2_font=\u00bb&#8211;et_global_heading_font|700|||||||\u00bb header_2_font_size=\u00bb42px\u00bb header_2_line_height=\u00bb1.3em\u00bb text_orientation=\u00bbcenter\u00bb max_width=\u00bb700px\u00bb module_alignment=\u00bbcenter\u00bb animation_style=\u00bbslide\u00bb animation_direction=\u00bbbottom\u00bb animation_intensity_slide=\u00bb4%\u00bb global_colors_info=\u00bb{}\u00bb]<\/p>\n<h1>\u00bfEn qu\u00e9 podemos ayudarle?<\/h1>\n<p>[\/et_pb_text][et_pb_text _builder_version=\u00bb4.27.3&#8243; text_font=\u00bbOpen Sans|700|||||||\u00bb text_text_color=\u00bb#ffffff\u00bb text_font_size=\u00bb50px\u00bb header_font=\u00bbOpen Sans|700|||||||\u00bb header_font_size=\u00bb50px\u00bb header_2_font=\u00bbOpen Sans||||||||\u00bb header_2_text_color=\u00bb#ffffff\u00bb header_2_line_height=\u00bb1.3em\u00bb text_orientation=\u00bbcenter\u00bb custom_margin=\u00bb||20px|\u00bb animation_style=\u00bbslide\u00bb animation_direction=\u00bbbottom\u00bb animation_intensity_slide=\u00bb10%\u00bb locked=\u00bboff\u00bb global_colors_info=\u00bb{}\u00bb header_font_size__hover=\u00bb30px\u00bb header_font_size__hover_enabled=\u00bb30px\u00bb header_letter_spacing__hover=\u00bb0px\u00bb header_letter_spacing__hover_enabled=\u00bb0px\u00bb header_text_shadow_style__hover=\u00bbnone\u00bb header_text_shadow_style__hover_enabled=\u00bbnone\u00bb header_text_shadow_color__hover=\u00bbrgba(0,0,0,0.4)\u00bb header_text_shadow_color__hover_enabled=\u00bbrgba(0,0,0,0.4)\u00bb]<\/p>\n<h2>Si desea aceptar pagos Neosurf, vender vales Neosurf, discutir una asociaci\u00f3n, o necesita apoyo empresarial, usted est\u00e1 en el lugar correcto<\/h2>\n<p>[\/et_pb_text][\/et_pb_column][\/et_pb_row][\/et_pb_section][et_pb_section fb_built=\u00bb1&#8243; admin_label=\u00bbCreative Process Section\u00bb _builder_version=\u00bb4.16&#8243; custom_margin=\u00bb||2px|||\u00bb custom_padding=\u00bb50px||50px|||\u00bb global_colors_info=\u00bb{}\u00bb][et_pb_row _builder_version=\u00bb4.27.3&#8243; _module_preset=\u00bbdefault\u00bb global_colors_info=\u00bb{}\u00bb][et_pb_column type=\u00bb4_4&#8243; _builder_version=\u00bb4.27.3&#8243; _module_preset=\u00bbdefault\u00bb global_colors_info=\u00bb{}\u00bb][et_pb_text _builder_version=\u00bb4.27.3&#8243; text_font=\u00bb&#8211;et_global_body_font||||||||\u00bb text_text_color=\u00bb#000000&#8243; text_font_size=\u00bb16px\u00bb text_line_height=\u00bb1.8em\u00bb header_font=\u00bb||||||||\u00bb header_4_font=\u00bb&#8211;et_global_body_font|600|||||||\u00bb header_4_font_size=\u00bb22px\u00bb animation_style=\u00bbfade\u00bb locked=\u00bboff\u00bb global_colors_info=\u00bb{}\u00bb]<\/p>\n<p style=\"text-align: center;\">Si ya es comerciante, p\u00f3ngase en contacto con: <a href=\"mailto:merchantsupport@neosurf.com\" target=\"_blank\" rel=\"noopener\">merchantsupport@neosurf.com<\/a><\/p>\n<p style=\"text-align: center;\">Si es usted cliente, p\u00f3ngase en contacto con: <a href=\"mailto:support.en@neosurf.com\" target=\"_blank\" rel=\"noopener\">support.en@neosurf.com<\/a><\/p>\n<p>[\/et_pb_text][\/et_pb_column][\/et_pb_row][et_pb_row column_structure=\u00bb1_4,1_4,1_4,1_4&#8243; _builder_version=\u00bb4.27.3&#8243; _module_preset=\u00bbdefault\u00bb global_colors_info=\u00bb{}\u00bb][et_pb_column type=\u00bb1_4&#8243; _builder_version=\u00bb4.27.3&#8243; _module_preset=\u00bbdefault\u00bb global_colors_info=\u00bb{}\u00bb][et_pb_image src=\u00bbhttps:\/\/business.neosurf.com\/wp-content\/uploads\/2025\/01\/Voucher-Icon@2x-2.png\u00bb title_text=\u00bbVoucher Icon@2x\u00bb url=\u00bbhttps:\/\/business.neosurf.com\/es\/suiza-13\/#form\u00bb _builder_version=\u00bb4.27.3&#8243; _module_preset=\u00bbdefault\u00bb max_width=\u00bb45%\u00bb module_alignment=\u00bbcenter\u00bb custom_padding=\u00bb15px||15px||true|false\u00bb hover_enabled=\u00bb0&#8243; global_colors_info=\u00bb{}\u00bb sticky_enabled=\u00bb0&#8243;][\/et_pb_image][et_pb_text _builder_version=\u00bb4.27.3&#8243; text_font=\u00bb&#8211;et_global_body_font||||||||\u00bb text_text_color=\u00bb#000000&#8243; text_font_size=\u00bb16px\u00bb text_line_height=\u00bb1.8em\u00bb header_font=\u00bb||||||||\u00bb header_4_font=\u00bb&#8211;et_global_body_font|600|||||||\u00bb header_4_text_align=\u00bbcenter\u00bb header_4_font_size=\u00bb22px\u00bb text_orientation=\u00bbcenter\u00bb animation_style=\u00bbfade\u00bb global_colors_info=\u00bb{}\u00bb]<\/p>\n<h4 style=\"text-align: center;\"><strong><span style=\"color: #e72582;\">Aceptar Neosurf<\/span><\/strong><\/h4>\n<p style=\"text-align: center;\">A\u00f1ade Neosurf como m\u00e9todo de pago para tu negocio<\/p>\n<p>[\/et_pb_text][\/et_pb_column][et_pb_column type=\u00bb1_4&#8243; _builder_version=\u00bb4.27.3&#8243; _module_preset=\u00bbdefault\u00bb global_colors_info=\u00bb{}\u00bb][et_pb_image src=\u00bbhttps:\/\/business.neosurf.com\/wp-content\/uploads\/2025\/01\/Live-Chat@2x-1.png\u00bb title_text=\u00bbLive Chat@2x\u00bb _builder_version=\u00bb4.27.3&#8243; _module_preset=\u00bbdefault\u00bb max_width=\u00bb40%\u00bb module_alignment=\u00bbcenter\u00bb hover_enabled=\u00bb0&#8243; global_colors_info=\u00bb{}\u00bb url=\u00bbhttps:\/\/business.neosurf.com\/es\/suiza-13\/#form\u00bb sticky_enabled=\u00bb0&#8243;][\/et_pb_image][et_pb_text _builder_version=\u00bb4.27.3&#8243; text_font=\u00bb&#8211;et_global_body_font||||||||\u00bb text_text_color=\u00bb#000000&#8243; text_font_size=\u00bb16px\u00bb text_line_height=\u00bb1.8em\u00bb header_font=\u00bb||||||||\u00bb header_4_font=\u00bb&#8211;et_global_body_font|600|||||||\u00bb header_4_font_size=\u00bb22px\u00bb animation_style=\u00bbfade\u00bb locked=\u00bboff\u00bb global_colors_info=\u00bb{}\u00bb]<\/p>\n<h4 style=\"text-align: center;\"><span style=\"color: #e72582;\"><strong>Charla<\/strong><\/span><\/h4>\n<p style=\"text-align: center;\">Explore las oportunidades de asociaci\u00f3n u obtenga m\u00e1s informaci\u00f3n<\/p>\n<p>[\/et_pb_text][\/et_pb_column][et_pb_column type=\u00bb1_4&#8243; _builder_version=\u00bb4.27.3&#8243; _module_preset=\u00bbdefault\u00bb global_colors_info=\u00bb{}\u00bb][et_pb_image src=\u00bbhttps:\/\/business.neosurf.com\/wp-content\/uploads\/2025\/01\/Cash-to-digital-conversion-2@2x-1.png\u00bb title_text=\u00bbCash to digital conversion 2@2x\u00bb _builder_version=\u00bb4.27.3&#8243; _module_preset=\u00bbdefault\u00bb max_width=\u00bb40%\u00bb module_alignment=\u00bbcenter\u00bb hover_enabled=\u00bb0&#8243; global_colors_info=\u00bb{}\u00bb url=\u00bbhttps:\/\/business.neosurf.com\/es\/suiza-13\/#form\u00bb sticky_enabled=\u00bb0&#8243;][\/et_pb_image][et_pb_text _builder_version=\u00bb4.27.3&#8243; text_font=\u00bb&#8211;et_global_body_font||||||||\u00bb text_text_color=\u00bb#000000&#8243; text_font_size=\u00bb16px\u00bb text_line_height=\u00bb1.8em\u00bb header_font=\u00bb||||||||\u00bb header_4_font=\u00bb&#8211;et_global_body_font|600|||||||\u00bb header_4_font_size=\u00bb22px\u00bb animation_style=\u00bbfade\u00bb locked=\u00bboff\u00bb global_colors_info=\u00bb{}\u00bb]<\/p>\n<h4 style=\"text-align: center;\"><span style=\"color: #e72582;\"><strong>Vender Neosurf<\/strong><\/span><\/h4>\n<p style=\"text-align: center;\">Convi\u00e9rtete en un revendedor y ofrece vales Neosurf<\/p>\n<p>[\/et_pb_text][\/et_pb_column][et_pb_column type=\u00bb1_4&#8243; _builder_version=\u00bb4.27.3&#8243; _module_preset=\u00bbdefault\u00bb global_colors_info=\u00bb{}\u00bb][et_pb_image src=\u00bbhttps:\/\/business.neosurf.com\/wp-content\/uploads\/2025\/01\/FAQ@2x-1.png\u00bb title_text=\u00bbFAQ@2x\u00bb _builder_version=\u00bb4.27.3&#8243; _module_preset=\u00bbdefault\u00bb max_width=\u00bb40%\u00bb module_alignment=\u00bbcenter\u00bb hover_enabled=\u00bb0&#8243; global_colors_info=\u00bb{}\u00bb url=\u00bbhttps:\/\/business.neosurf.com\/es\/suiza-13\/#form\u00bb sticky_enabled=\u00bb0&#8243;][\/et_pb_image][et_pb_text _builder_version=\u00bb4.27.3&#8243; text_font=\u00bb&#8211;et_global_body_font||||||||\u00bb text_text_color=\u00bb#000000&#8243; text_font_size=\u00bb16px\u00bb text_line_height=\u00bb1.8em\u00bb header_font=\u00bb||||||||\u00bb header_4_font=\u00bb&#8211;et_global_body_font|600|||||||\u00bb header_4_font_size=\u00bb22px\u00bb animation_style=\u00bbfade\u00bb locked=\u00bboff\u00bb global_colors_info=\u00bb{}\u00bb]<\/p>\n<h4 style=\"text-align: center;\"><span style=\"color: #e72582;\"><strong>Soporte para empresas<\/strong><\/span><\/h4>\n<p style=\"text-align: center;\">Obtenga ayuda con su integraci\u00f3n Neosurf existente<\/p>\n<p>[\/et_pb_text][\/et_pb_column][\/et_pb_row][\/et_pb_section][et_pb_section fb_built=\u00bb1&#8243; admin_label=\u00bbContact hero\u00bb module_id=\u00bbformulario\u00bb _builder_version=\u00bb4.27.3&#8243; background_color=\u00bb#ffffff\u00bb background_enable_image=\u00bboff\u00bb custom_padding=\u00bb4px|0px|60px|0px|false|false\u00bb animation_style=\u00bbslide\u00bb animation_direction=\u00bbtop\u00bb animation_intensity_slide=\u00bb2%\u00bb box_shadow_style=\u00bbpreset7&#8243; box_shadow_horizontal=\u00bb0px\u00bb box_shadow_vertical=\u00bb-260px\u00bb box_shadow_color=\u00bb#ffffff\u00bb locked=\u00bboff\u00bb global_colors_info=\u00bb{}\u00bb][et_pb_row _builder_version=\u00bb4.27.3&#8243; _module_preset=\u00bbdefault\u00bb custom_margin=\u00bb-11px|auto||auto||\u00bb custom_padding=\u00bb3px|||||\u00bb global_colors_info=\u00bb{}\u00bb][et_pb_column type=\u00bb4_4&#8243; _builder_version=\u00bb4.16&#8243; _module_preset=\u00bbdefault\u00bb global_colors_info=\u00bb{}\u00bb][et_pb_code _builder_version=\u00bb4.16&#8243; _module_preset=\u00bbdefault\u00bb text_orientation=\u00bbcenter\u00bb custom_padding=\u00bb||0px|||\u00bb global_colors_info=\u00bb{}\u00bb]<iframe loading=\"lazy\" src=\"https:\/\/merchant-mail.neosurf.com\/acton\/fs\/blocks\/showLandingPage\/a\/45197\/p\/p-0007\/t\/page\/fm\/0\" style=\"border:0px #ffffff none;\" name=\"myiFrame\" scrolling=\"no\" frameborder=\"0\" marginheight=\"0px\" marginwidth=\"0px\" height=\"1000px\" width=\"1000px\" allowfullscreen><\/iframe>[\/et_pb_code][\/et_pb_column][\/et_pb_row][\/et_pb_section]<\/p>\n","protected":false},"excerpt":{"rendered":"<p>\u00bfEn qu\u00e9 podemos ayudarle?Si desea aceptar pagos Neosurf, vender vales Neosurf, discutir una asociaci\u00f3n, o necesita apoyo empresarial, usted est\u00e1 en el lugar correctoSi ya es comerciante, p\u00f3ngase en contacto con: merchantsupport@neosurf.com Si es usted cliente, p\u00f3ngase en contacto con: support.en@neosurf.comAceptar Neosurf A\u00f1ade Neosurf como m\u00e9todo de pago para tu negocioCharla Explore las oportunidades de [&hellip;]<\/p>\n","protected":false},"author":3,"featured_media":0,"parent":0,"menu_order":0,"comment_status":"closed","ping_status":"closed","template":"","meta":{"_et_pb_use_builder":"on","_et_pb_old_content":"","_et_gb_content_width":"","_exactmetrics_skip_tracking":false,"_exactmetrics_sitenote_active":false,"_exactmetrics_sitenote_note":"","_exactmetrics_sitenote_category":0,"footnotes":""},"class_list":["post-24958","page","type-page","status-publish","hentry"],"yoast_head":"<!-- This site is optimized with the Yoast SEO plugin v26.8 - https:\/\/yoast.com\/product\/yoast-seo-wordpress\/ -->\n<title>Suiza &#8212; Neosurf<\/title>\n<meta name=\"robots\" content=\"index, follow, max-snippet:-1, max-image-preview:large, max-video-preview:-1\" \/>\n<link rel=\"canonical\" href=\"https:\/\/business.neosurf.com\/es\/suiza-13\/\" \/>\n<meta property=\"og:locale\" content=\"es_ES\" \/>\n<meta property=\"og:type\" content=\"article\" \/>\n<meta property=\"og:title\" content=\"Suiza &#8212; Neosurf\" \/>\n<meta property=\"og:description\" content=\"\u00bfEn qu\u00e9 podemos ayudarle?Si desea aceptar pagos Neosurf, vender vales Neosurf, discutir una asociaci\u00f3n, o necesita apoyo empresarial, usted est\u00e1 en el lugar correctoSi ya es comerciante, p\u00f3ngase en contacto con: merchantsupport@neosurf.com Si es usted cliente, p\u00f3ngase en contacto con: support.en@neosurf.comAceptar Neosurf A\u00f1ade Neosurf como m\u00e9todo de pago para tu negocioCharla Explore las oportunidades de [&hellip;]\" \/>\n<meta property=\"og:url\" content=\"https:\/\/business.neosurf.com\/es\/suiza-13\/\" \/>\n<meta property=\"og:site_name\" content=\"Neosurf\" \/>\n<meta property=\"article:modified_time\" content=\"2025-05-02T10:28:36+00:00\" \/>\n<meta property=\"og:image\" content=\"https:\/\/business.neosurf.com\/wp-content\/uploads\/2023\/10\/NS_LOGOS_SSPPO_E72582_BACKGROUND.png\" \/>\n\t<meta property=\"og:image:width\" content=\"1083\" \/>\n\t<meta property=\"og:image:height\" content=\"730\" \/>\n\t<meta property=\"og:image:type\" content=\"image\/png\" \/>\n<meta name=\"twitter:card\" content=\"summary_large_image\" \/>\n<meta name=\"twitter:label1\" content=\"Tiempo de lectura\" \/>\n\t<meta name=\"twitter:data1\" content=\"5 minutos\" \/>\n<script type=\"application\/ld+json\" class=\"yoast-schema-graph\">{\"@context\":\"https:\/\/schema.org\",\"@graph\":[{\"@type\":\"WebPage\",\"@id\":\"https:\/\/business.neosurf.com\/es\/suiza-13\/\",\"url\":\"https:\/\/business.neosurf.com\/es\/suiza-13\/\",\"name\":\"Suiza &#8212; Neosurf\",\"isPartOf\":{\"@id\":\"https:\/\/business.neosurf.com\/es\/#website\"},\"datePublished\":\"2021-06-07T14:13:36+00:00\",\"dateModified\":\"2025-05-02T10:28:36+00:00\",\"breadcrumb\":{\"@id\":\"https:\/\/business.neosurf.com\/es\/suiza-13\/#breadcrumb\"},\"inLanguage\":\"es\",\"potentialAction\":[{\"@type\":\"ReadAction\",\"target\":[\"https:\/\/business.neosurf.com\/es\/suiza-13\/\"]}]},{\"@type\":\"BreadcrumbList\",\"@id\":\"https:\/\/business.neosurf.com\/es\/suiza-13\/#breadcrumb\",\"itemListElement\":[{\"@type\":\"ListItem\",\"position\":1,\"name\":\"Home\",\"item\":\"https:\/\/business.neosurf.com\/es\/\"},{\"@type\":\"ListItem\",\"position\":2,\"name\":\"Suiza\"}]},{\"@type\":\"WebSite\",\"@id\":\"https:\/\/business.neosurf.com\/es\/#website\",\"url\":\"https:\/\/business.neosurf.com\/es\/\",\"name\":\"neoukteam-dev-businessneosurf.pf6002.wpserveur.net\",\"description\":\"So Simple to Pay and Play Online | Payments with Personality\",\"publisher\":{\"@id\":\"https:\/\/business.neosurf.com\/es\/#organization\"},\"potentialAction\":[{\"@type\":\"SearchAction\",\"target\":{\"@type\":\"EntryPoint\",\"urlTemplate\":\"https:\/\/business.neosurf.com\/es\/?s={search_term_string}\"},\"query-input\":{\"@type\":\"PropertyValueSpecification\",\"valueRequired\":true,\"valueName\":\"search_term_string\"}}],\"inLanguage\":\"es\"},{\"@type\":\"Organization\",\"@id\":\"https:\/\/business.neosurf.com\/es\/#organization\",\"name\":\"neoukteam-dev-businessneosurf.pf6002.wpserveur.net\",\"url\":\"https:\/\/business.neosurf.com\/es\/\",\"logo\":{\"@type\":\"ImageObject\",\"inLanguage\":\"es\",\"@id\":\"https:\/\/business.neosurf.com\/es\/#\/schema\/logo\/image\/\",\"url\":\"https:\/\/business.neosurf.com\/wp-content\/uploads\/2021\/02\/Neosurf-logo-full-white-980x482-1.png\",\"contentUrl\":\"https:\/\/business.neosurf.com\/wp-content\/uploads\/2021\/02\/Neosurf-logo-full-white-980x482-1.png\",\"width\":980,\"height\":482,\"caption\":\"neoukteam-dev-businessneosurf.pf6002.wpserveur.net\"},\"image\":{\"@id\":\"https:\/\/business.neosurf.com\/es\/#\/schema\/logo\/image\/\"},\"sameAs\":[\"https:\/\/www.linkedin.com\/company\/neosurf-cards\/\"]}]}<\/script>\n<!-- \/ Yoast SEO plugin. -->","yoast_head_json":{"title":"Suiza &#8212; Neosurf","robots":{"index":"index","follow":"follow","max-snippet":"max-snippet:-1","max-image-preview":"max-image-preview:large","max-video-preview":"max-video-preview:-1"},"canonical":"https:\/\/business.neosurf.com\/es\/suiza-13\/","og_locale":"es_ES","og_type":"article","og_title":"Suiza &#8212; Neosurf","og_description":"\u00bfEn qu\u00e9 podemos ayudarle?Si desea aceptar pagos Neosurf, vender vales Neosurf, discutir una asociaci\u00f3n, o necesita apoyo empresarial, usted est\u00e1 en el lugar correctoSi ya es comerciante, p\u00f3ngase en contacto con: merchantsupport@neosurf.com Si es usted cliente, p\u00f3ngase en contacto con: support.en@neosurf.comAceptar Neosurf A\u00f1ade Neosurf como m\u00e9todo de pago para tu negocioCharla Explore las oportunidades de [&hellip;]","og_url":"https:\/\/business.neosurf.com\/es\/suiza-13\/","og_site_name":"Neosurf","article_modified_time":"2025-05-02T10:28:36+00:00","og_image":[{"width":1083,"height":730,"url":"https:\/\/business.neosurf.com\/wp-content\/uploads\/2023\/10\/NS_LOGOS_SSPPO_E72582_BACKGROUND.png","type":"image\/png"}],"twitter_card":"summary_large_image","twitter_misc":{"Tiempo de lectura":"5 minutos"},"schema":{"@context":"https:\/\/schema.org","@graph":[{"@type":"WebPage","@id":"https:\/\/business.neosurf.com\/es\/suiza-13\/","url":"https:\/\/business.neosurf.com\/es\/suiza-13\/","name":"Suiza &#8212; Neosurf","isPartOf":{"@id":"https:\/\/business.neosurf.com\/es\/#website"},"datePublished":"2021-06-07T14:13:36+00:00","dateModified":"2025-05-02T10:28:36+00:00","breadcrumb":{"@id":"https:\/\/business.neosurf.com\/es\/suiza-13\/#breadcrumb"},"inLanguage":"es","potentialAction":[{"@type":"ReadAction","target":["https:\/\/business.neosurf.com\/es\/suiza-13\/"]}]},{"@type":"BreadcrumbList","@id":"https:\/\/business.neosurf.com\/es\/suiza-13\/#breadcrumb","itemListElement":[{"@type":"ListItem","position":1,"name":"Home","item":"https:\/\/business.neosurf.com\/es\/"},{"@type":"ListItem","position":2,"name":"Suiza"}]},{"@type":"WebSite","@id":"https:\/\/business.neosurf.com\/es\/#website","url":"https:\/\/business.neosurf.com\/es\/","name":"neoukteam-dev-businessneosurf.pf6002.wpserveur.net","description":"So Simple to Pay and Play Online | Payments with Personality","publisher":{"@id":"https:\/\/business.neosurf.com\/es\/#organization"},"potentialAction":[{"@type":"SearchAction","target":{"@type":"EntryPoint","urlTemplate":"https:\/\/business.neosurf.com\/es\/?s={search_term_string}"},"query-input":{"@type":"PropertyValueSpecification","valueRequired":true,"valueName":"search_term_string"}}],"inLanguage":"es"},{"@type":"Organization","@id":"https:\/\/business.neosurf.com\/es\/#organization","name":"neoukteam-dev-businessneosurf.pf6002.wpserveur.net","url":"https:\/\/business.neosurf.com\/es\/","logo":{"@type":"ImageObject","inLanguage":"es","@id":"https:\/\/business.neosurf.com\/es\/#\/schema\/logo\/image\/","url":"https:\/\/business.neosurf.com\/wp-content\/uploads\/2021\/02\/Neosurf-logo-full-white-980x482-1.png","contentUrl":"https:\/\/business.neosurf.com\/wp-content\/uploads\/2021\/02\/Neosurf-logo-full-white-980x482-1.png","width":980,"height":482,"caption":"neoukteam-dev-businessneosurf.pf6002.wpserveur.net"},"image":{"@id":"https:\/\/business.neosurf.com\/es\/#\/schema\/logo\/image\/"},"sameAs":["https:\/\/www.linkedin.com\/company\/neosurf-cards\/"]}]}},"_links":{"self":[{"href":"https:\/\/business.neosurf.com\/es\/wp-json\/wp\/v2\/pages\/24958","targetHints":{"allow":["GET"]}}],"collection":[{"href":"https:\/\/business.neosurf.com\/es\/wp-json\/wp\/v2\/pages"}],"about":[{"href":"https:\/\/business.neosurf.com\/es\/wp-json\/wp\/v2\/types\/page"}],"author":[{"embeddable":true,"href":"https:\/\/business.neosurf.com\/es\/wp-json\/wp\/v2\/users\/3"}],"replies":[{"embeddable":true,"href":"https:\/\/business.neosurf.com\/es\/wp-json\/wp\/v2\/comments?post=24958"}],"version-history":[{"count":2,"href":"https:\/\/business.neosurf.com\/es\/wp-json\/wp\/v2\/pages\/24958\/revisions"}],"predecessor-version":[{"id":24981,"href":"https:\/\/business.neosurf.com\/es\/wp-json\/wp\/v2\/pages\/24958\/revisions\/24981"}],"wp:attachment":[{"href":"https:\/\/business.neosurf.com\/es\/wp-json\/wp\/v2\/media?parent=24958"}],"curies":[{"name":"wp","href":"https:\/\/api.w.org\/{rel}","templated":true}]}}