{"id":24998,"date":"2023-11-24T15:27:54","date_gmt":"2023-11-24T15:27:54","guid":{"rendered":"https:\/\/business.neosurf.com\/suiza-21\/"},"modified":"2025-06-09T09:50:00","modified_gmt":"2025-06-09T09:50:00","slug":"login-us","status":"publish","type":"page","link":"https:\/\/business.neosurf.com\/es\/login-us\/","title":{"rendered":"Acceso"},"content":{"rendered":"<p>[et_pb_section fb_built=\u00bb1&#8243; admin_label=\u00bbJoin Now Call to Action\u00bb _builder_version=\u00bb4.23.1&#8243; background_color=\u00bb#E72582&#8243; custom_margin=\u00bb|||\u00bb custom_padding=\u00bb3px|0px|1px|0px||\u00bb locked=\u00bboff\u00bb global_colors_info=\u00bb{}\u00bb][et_pb_row column_structure=\u00bb2_5,3_5&#8243; _builder_version=\u00bb4.27.4&#8243; _module_preset=\u00bbdefault\u00bb custom_padding=\u00bb|0px||||\u00bb global_colors_info=\u00bb{}\u00bb][et_pb_column type=\u00bb2_5&#8243; _builder_version=\u00bb4.27.3&#8243; _module_preset=\u00bbdefault\u00bb border_color_right=\u00bb#FFFFFF\u00bb global_colors_info=\u00bb{}\u00bb][et_pb_text _builder_version=\u00bb4.27.3&#8243; text_font=\u00bbPoppins||||||||\u00bb text_text_color=\u00bbrgba(255,255,255,0.8)\u00bb text_font_size=\u00bb18px\u00bb text_line_height=\u00bb1.8em\u00bb header_font=\u00bb&#8211;et_global_body_font|600|||||||\u00bb header_text_color=\u00bb#ffffff\u00bb header_font_size=\u00bb46px\u00bb header_letter_spacing=\u00bb-2px\u00bb header_line_height=\u00bb62.64px\u00bb header_3_font=\u00bb&#8211;et_global_body_font|600|||||||\u00bb header_3_font_size=\u00bb36px\u00bb header_3_line_height=\u00bb1.4em\u00bb background_layout=\u00bbdark\u00bb max_width=\u00bb600px\u00bb module_alignment=\u00bbleft\u00bb custom_margin=\u00bb-2px|||||\u00bb custom_padding=\u00bb0px||5px|||\u00bb global_colors_info=\u00bb{}\u00bb]<\/p>\n<h1>Acceso de socios<\/h1>\n<p>[\/et_pb_text][\/et_pb_column][et_pb_column type=\u00bb3_5&#8243; _builder_version=\u00bb4.27.3&#8243; _module_preset=\u00bbdefault\u00bb global_colors_info=\u00bb{}\u00bb][et_pb_text _builder_version=\u00bb4.27.3&#8243; text_font=\u00bbOpen Sans|500|||||||\u00bb text_text_color=\u00bb#FFFFFF\u00bb text_line_height=\u00bb18px\u00bb header_font=\u00bbPoppins|600|||||||\u00bb header_text_color=\u00bb#ffffff\u00bb header_font_size=\u00bb48px\u00bb header_line_height=\u00bb1.4em\u00bb header_3_font=\u00bbPoppins|600|||||||\u00bb header_3_font_size=\u00bb36px\u00bb header_3_line_height=\u00bb1.4em\u00bb background_layout=\u00bbdark\u00bb max_width=\u00bb600px\u00bb module_alignment=\u00bbleft\u00bb custom_margin=\u00bb16px||||false|false\u00bb custom_margin_tablet=\u00bb16px||||false|false\u00bb custom_margin_phone=\u00bb0px||||false|false\u00bb custom_margin_last_edited=\u00bbon|phone\u00bb global_colors_info=\u00bb{}\u00bb]<\/p>\n<p>Estos portales dedicados y seguros permiten a nuestros socios comerciales acceder a toda la informaci\u00f3n necesaria para gestionar sus cuentas Neosurf.<\/p>\n<p>[\/et_pb_text][\/et_pb_column][\/et_pb_row][\/et_pb_section][et_pb_section fb_built=\u00bb1&#8243; custom_padding_last_edited=\u00bbon|phone\u00bb admin_label=\u00bbOur Classes Section\u00bb _builder_version=\u00bb4.27.3&#8243; background_color=\u00bb#f0f0f4&#8243; custom_padding=\u00bb110px|0px|110px|0px||\u00bb custom_padding_tablet=\u00bb110px|0px|110px|0px||\u00bb custom_padding_phone=\u00bb50px||||false|false\u00bb global_colors_info=\u00bb{}\u00bb][et_pb_row column_structure=\u00bb1_2,1_2&#8243; use_custom_gutter=\u00bbon\u00bb gutter_width=\u00bb2&#8243; column_padding_mobile=\u00bbon\u00bb custom_padding_last_edited=\u00bbon|phone\u00bb admin_label=\u00bbRow\u00bb _builder_version=\u00bb4.27.3&#8243; background_size=\u00bbinitial\u00bb background_position=\u00bbtop_left\u00bb background_repeat=\u00bbrepeat\u00bb custom_padding=\u00bb0px||2px|||\u00bb custom_padding_tablet=\u00bb49px|||\u00bb custom_padding_phone=\u00bb19px|||\u00bb global_colors_info=\u00bb{}\u00bb][et_pb_column type=\u00bb1_2&#8243; _builder_version=\u00bb4.27.3&#8243; background_color=\u00bb#FFFFFF\u00bb custom_padding=\u00bb30px|30px|30px|30px|true|true\u00bb border_radii=\u00bbon|10px|10px|10px|10px\u00bb box_shadow_style=\u00bbpreset1&#8243; global_colors_info=\u00bb{}\u00bb custom_padding__hover=\u00bb|||\u00bb][et_pb_blurb title=\u00bbOperadores\u00bb url=\u00bbhttps:\/\/business.neosurf.com\/es\/suiza-6\/suiza-5-2\/\u00bb use_icon=\u00bbon\u00bb admin_label=\u00bbClass\u00bb _builder_version=\u00bb4.27.3&#8243; header_font=\u00bbOpen Sans|700|||||||\u00bb header_text_align=\u00bbleft\u00bb header_text_color=\u00bb#212853&#8243; header_font_size=\u00bb24px\u00bb header_line_height=\u00bb1.3em\u00bb body_font=\u00bbOpen Sans||||||||\u00bb body_text_align=\u00bbleft\u00bb body_text_color=\u00bb#000000&#8243; body_line_height=\u00bb1.8em\u00bb background_color=\u00bb#ffffff\u00bb custom_margin=\u00bb|||\u00bb custom_padding=\u00bb0px|0px|0px|3px||\u00bb animation_style=\u00bbfade\u00bb animation=\u00bboff\u00bb global_colors_info=\u00bb{}\u00bb title__hover_enabled=\u00bboff|desktop\u00bb]<\/p>\n<p>El Portal del Operador es el portal de servicios para los socios comerciales online de Neosurf. Aqu\u00ed puede continuar el proceso de integraci\u00f3n y en pocos pasos configurar Neosurf como m\u00e9todo de pago.<\/p>\n<p>[\/et_pb_blurb][et_pb_button button_url=\u00bb@ET-DC@eyJkeW5hbWljIjp0cnVlLCJjb250ZW50IjoicG9zdF9saW5rX3VybF9wYWdlIiwic2V0dGluZ3MiOnsicG9zdF9pZCI6IjI2MTA4In19@\u00bb button_text=\u00bbInicio de sesi\u00f3n\u00bb button_alignment=\u00bbleft\u00bb _builder_version=\u00bb4.27.4&#8243; _dynamic_attributes=\u00bbbutton_url\u00bb _module_preset=\u00bbdefault\u00bb custom_button=\u00bbon\u00bb button_text_size=\u00bb18px\u00bb button_text_color=\u00bb#FFFFFF\u00bb button_bg_color=\u00bb#212853&#8243; button_border_width=\u00bb2px\u00bb button_border_color=\u00bbRGBA(255,255,255,0)\u00bb button_border_radius=\u00bb16px\u00bb button_letter_spacing=\u00bb0px\u00bb button_font=\u00bb&#8211;et_global_body_font|600|||||||\u00bb button_use_icon=\u00bboff\u00bb background_layout=\u00bbdark\u00bb custom_margin=\u00bb|||\u00bb custom_padding=\u00bb10px|16px|10px|16px|false|false\u00bb global_colors_info=\u00bb{}\u00bb button_bg_color__hover=\u00bb#E72582&#8243; button_bg_color__hover_enabled=\u00bbon|hover\u00bb button_letter_spacing__hover=\u00bb0&#8243; button_letter_spacing__hover_enabled=\u00bbon\u00bb][\/et_pb_button][\/et_pb_column][et_pb_column type=\u00bb1_2&#8243; _builder_version=\u00bb4.27.3&#8243; background_color=\u00bb#FFFFFF\u00bb custom_padding=\u00bb30px|30px|30px|30px|true|true\u00bb border_radii=\u00bbon|10px|10px|10px|10px\u00bb box_shadow_style=\u00bbpreset1&#8243; global_colors_info=\u00bb{}\u00bb custom_padding__hover=\u00bb|||\u00bb][et_pb_blurb title=\u00bbRevendedores\u00bb url=\u00bbhttps:\/\/business.neosurf.com\/es\/suiza-6\/suiza-5-2\/\u00bb use_icon=\u00bbon\u00bb admin_label=\u00bbClass\u00bb _builder_version=\u00bb4.27.3&#8243; header_font=\u00bbOpen Sans|700|||||||\u00bb header_text_align=\u00bbleft\u00bb header_text_color=\u00bb#212853&#8243; header_font_size=\u00bb24px\u00bb header_line_height=\u00bb1.3em\u00bb body_font=\u00bbOpen Sans||||||||\u00bb body_text_align=\u00bbleft\u00bb body_text_color=\u00bb#000000&#8243; body_line_height=\u00bb1.8em\u00bb background_color=\u00bb#ffffff\u00bb custom_margin=\u00bb|||\u00bb custom_padding=\u00bb0px|0px|0px|3px||\u00bb animation_style=\u00bbfade\u00bb animation=\u00bboff\u00bb global_colors_info=\u00bb{}\u00bb title__hover_enabled=\u00bboff|desktop\u00bb]<\/p>\n<p>El Portal de Revendedores es el portal de servicios para los socios revendedores de Neosurf. Aqu\u00ed podr\u00e1 gestionar todas las tareas operativas relevantes de forma f\u00e1cil y segura, a cualquier hora del d\u00eda o de la noche.<\/p>\n<p>[\/et_pb_blurb][et_pb_button button_url=\u00bb@ET-DC@eyJkeW5hbWljIjp0cnVlLCJjb250ZW50IjoicG9zdF9saW5rX3VybF9wYWdlIiwic2V0dGluZ3MiOnsicG9zdF9pZCI6IjI2MTA2In19@\u00bb button_text=\u00bbInicio de sesi\u00f3n\u00bb button_alignment=\u00bbleft\u00bb _builder_version=\u00bb4.27.4&#8243; _dynamic_attributes=\u00bbbutton_url\u00bb _module_preset=\u00bbdefault\u00bb custom_button=\u00bbon\u00bb button_text_size=\u00bb18px\u00bb button_text_color=\u00bb#FFFFFF\u00bb button_bg_color=\u00bb#212853&#8243; button_border_width=\u00bb2px\u00bb button_border_color=\u00bbRGBA(255,255,255,0)\u00bb button_border_radius=\u00bb16px\u00bb button_letter_spacing=\u00bb0px\u00bb button_font=\u00bb&#8211;et_global_body_font|600|||||||\u00bb button_use_icon=\u00bboff\u00bb background_layout=\u00bbdark\u00bb custom_margin=\u00bb|||\u00bb custom_padding=\u00bb10px|16px|10px|16px|false|false\u00bb hover_enabled=\u00bb0&#8243; global_colors_info=\u00bb{}\u00bb button_bg_color__hover=\u00bb#E72582&#8243; button_bg_color__hover_enabled=\u00bbon|hover\u00bb button_letter_spacing__hover=\u00bb0&#8243; button_letter_spacing__hover_enabled=\u00bbon\u00bb sticky_enabled=\u00bb0&#8243;][\/et_pb_button][\/et_pb_column][\/et_pb_row][\/et_pb_section]<\/p>\n","protected":false},"excerpt":{"rendered":"<p>Acceso de sociosEstos portales dedicados y seguros permiten a nuestros socios comerciales acceder a toda la informaci\u00f3n necesaria para gestionar sus cuentas Neosurf.El Portal del Operador es el portal de servicios para los socios comerciales online de Neosurf. Aqu\u00ed puede continuar el proceso de integraci\u00f3n y en pocos pasos configurar Neosurf como m\u00e9todo de pago.El [&hellip;]<\/p>\n","protected":false},"author":3,"featured_media":0,"parent":0,"menu_order":0,"comment_status":"closed","ping_status":"closed","template":"","meta":{"_et_pb_use_builder":"on","_et_pb_old_content":"","_et_gb_content_width":"","_exactmetrics_skip_tracking":false,"_exactmetrics_sitenote_active":false,"_exactmetrics_sitenote_note":"","_exactmetrics_sitenote_category":0,"footnotes":""},"class_list":["post-24998","page","type-page","status-publish","hentry"],"yoast_head":"<!-- This site is optimized with the Yoast SEO plugin v26.8 - https:\/\/yoast.com\/product\/yoast-seo-wordpress\/ -->\n<title>Acceso<\/title>\n<meta name=\"robots\" content=\"index, follow, max-snippet:-1, max-image-preview:large, max-video-preview:-1\" \/>\n<link rel=\"canonical\" href=\"https:\/\/business.neosurf.com\/es\/login-us\/\" \/>\n<meta property=\"og:locale\" content=\"es_ES\" \/>\n<meta property=\"og:type\" content=\"article\" \/>\n<meta property=\"og:title\" content=\"Acceso\" \/>\n<meta property=\"og:description\" content=\"Acceso de sociosEstos portales dedicados y seguros permiten a nuestros socios comerciales acceder a toda la informaci\u00f3n necesaria para gestionar sus cuentas Neosurf.El Portal del Operador es el portal de servicios para los socios comerciales online de Neosurf. Aqu\u00ed puede continuar el proceso de integraci\u00f3n y en pocos pasos configurar Neosurf como m\u00e9todo de pago.El [&hellip;]\" \/>\n<meta property=\"og:url\" content=\"https:\/\/business.neosurf.com\/es\/login-us\/\" \/>\n<meta property=\"og:site_name\" content=\"Neosurf\" \/>\n<meta property=\"article:modified_time\" content=\"2025-06-09T09:50:00+00:00\" \/>\n<meta property=\"og:image\" content=\"https:\/\/business.neosurf.com\/wp-content\/uploads\/2023\/10\/NS_LOGOS_SSPPO_E72582_BACKGROUND.png\" \/>\n\t<meta property=\"og:image:width\" content=\"1083\" \/>\n\t<meta property=\"og:image:height\" content=\"730\" \/>\n\t<meta property=\"og:image:type\" content=\"image\/png\" \/>\n<meta name=\"twitter:card\" content=\"summary_large_image\" \/>\n<meta name=\"twitter:label1\" content=\"Tiempo de lectura\" \/>\n\t<meta name=\"twitter:data1\" content=\"5 minutos\" \/>\n<script type=\"application\/ld+json\" class=\"yoast-schema-graph\">{\"@context\":\"https:\/\/schema.org\",\"@graph\":[{\"@type\":\"WebPage\",\"@id\":\"https:\/\/business.neosurf.com\/es\/login-us\/\",\"url\":\"https:\/\/business.neosurf.com\/es\/login-us\/\",\"name\":\"Acceso\",\"isPartOf\":{\"@id\":\"https:\/\/business.neosurf.com\/es\/#website\"},\"datePublished\":\"2023-11-24T15:27:54+00:00\",\"dateModified\":\"2025-06-09T09:50:00+00:00\",\"breadcrumb\":{\"@id\":\"https:\/\/business.neosurf.com\/es\/login-us\/#breadcrumb\"},\"inLanguage\":\"es\",\"potentialAction\":[{\"@type\":\"ReadAction\",\"target\":[\"https:\/\/business.neosurf.com\/es\/login-us\/\"]}]},{\"@type\":\"BreadcrumbList\",\"@id\":\"https:\/\/business.neosurf.com\/es\/login-us\/#breadcrumb\",\"itemListElement\":[{\"@type\":\"ListItem\",\"position\":1,\"name\":\"Home\",\"item\":\"https:\/\/business.neosurf.com\/es\/\"},{\"@type\":\"ListItem\",\"position\":2,\"name\":\"Acceso\"}]},{\"@type\":\"WebSite\",\"@id\":\"https:\/\/business.neosurf.com\/es\/#website\",\"url\":\"https:\/\/business.neosurf.com\/es\/\",\"name\":\"neoukteam-dev-businessneosurf.pf6002.wpserveur.net\",\"description\":\"So Simple to Pay and Play Online | Payments with Personality\",\"publisher\":{\"@id\":\"https:\/\/business.neosurf.com\/es\/#organization\"},\"potentialAction\":[{\"@type\":\"SearchAction\",\"target\":{\"@type\":\"EntryPoint\",\"urlTemplate\":\"https:\/\/business.neosurf.com\/es\/?s={search_term_string}\"},\"query-input\":{\"@type\":\"PropertyValueSpecification\",\"valueRequired\":true,\"valueName\":\"search_term_string\"}}],\"inLanguage\":\"es\"},{\"@type\":\"Organization\",\"@id\":\"https:\/\/business.neosurf.com\/es\/#organization\",\"name\":\"neoukteam-dev-businessneosurf.pf6002.wpserveur.net\",\"url\":\"https:\/\/business.neosurf.com\/es\/\",\"logo\":{\"@type\":\"ImageObject\",\"inLanguage\":\"es\",\"@id\":\"https:\/\/business.neosurf.com\/es\/#\/schema\/logo\/image\/\",\"url\":\"https:\/\/business.neosurf.com\/wp-content\/uploads\/2021\/02\/Neosurf-logo-full-white-980x482-1.png\",\"contentUrl\":\"https:\/\/business.neosurf.com\/wp-content\/uploads\/2021\/02\/Neosurf-logo-full-white-980x482-1.png\",\"width\":980,\"height\":482,\"caption\":\"neoukteam-dev-businessneosurf.pf6002.wpserveur.net\"},\"image\":{\"@id\":\"https:\/\/business.neosurf.com\/es\/#\/schema\/logo\/image\/\"},\"sameAs\":[\"https:\/\/www.linkedin.com\/company\/neosurf-cards\/\"]}]}<\/script>\n<!-- \/ Yoast SEO plugin. -->","yoast_head_json":{"title":"Acceso","robots":{"index":"index","follow":"follow","max-snippet":"max-snippet:-1","max-image-preview":"max-image-preview:large","max-video-preview":"max-video-preview:-1"},"canonical":"https:\/\/business.neosurf.com\/es\/login-us\/","og_locale":"es_ES","og_type":"article","og_title":"Acceso","og_description":"Acceso de sociosEstos portales dedicados y seguros permiten a nuestros socios comerciales acceder a toda la informaci\u00f3n necesaria para gestionar sus cuentas Neosurf.El Portal del Operador es el portal de servicios para los socios comerciales online de Neosurf. Aqu\u00ed puede continuar el proceso de integraci\u00f3n y en pocos pasos configurar Neosurf como m\u00e9todo de pago.El [&hellip;]","og_url":"https:\/\/business.neosurf.com\/es\/login-us\/","og_site_name":"Neosurf","article_modified_time":"2025-06-09T09:50:00+00:00","og_image":[{"width":1083,"height":730,"url":"https:\/\/business.neosurf.com\/wp-content\/uploads\/2023\/10\/NS_LOGOS_SSPPO_E72582_BACKGROUND.png","type":"image\/png"}],"twitter_card":"summary_large_image","twitter_misc":{"Tiempo de lectura":"5 minutos"},"schema":{"@context":"https:\/\/schema.org","@graph":[{"@type":"WebPage","@id":"https:\/\/business.neosurf.com\/es\/login-us\/","url":"https:\/\/business.neosurf.com\/es\/login-us\/","name":"Acceso","isPartOf":{"@id":"https:\/\/business.neosurf.com\/es\/#website"},"datePublished":"2023-11-24T15:27:54+00:00","dateModified":"2025-06-09T09:50:00+00:00","breadcrumb":{"@id":"https:\/\/business.neosurf.com\/es\/login-us\/#breadcrumb"},"inLanguage":"es","potentialAction":[{"@type":"ReadAction","target":["https:\/\/business.neosurf.com\/es\/login-us\/"]}]},{"@type":"BreadcrumbList","@id":"https:\/\/business.neosurf.com\/es\/login-us\/#breadcrumb","itemListElement":[{"@type":"ListItem","position":1,"name":"Home","item":"https:\/\/business.neosurf.com\/es\/"},{"@type":"ListItem","position":2,"name":"Acceso"}]},{"@type":"WebSite","@id":"https:\/\/business.neosurf.com\/es\/#website","url":"https:\/\/business.neosurf.com\/es\/","name":"neoukteam-dev-businessneosurf.pf6002.wpserveur.net","description":"So Simple to Pay and Play Online | Payments with Personality","publisher":{"@id":"https:\/\/business.neosurf.com\/es\/#organization"},"potentialAction":[{"@type":"SearchAction","target":{"@type":"EntryPoint","urlTemplate":"https:\/\/business.neosurf.com\/es\/?s={search_term_string}"},"query-input":{"@type":"PropertyValueSpecification","valueRequired":true,"valueName":"search_term_string"}}],"inLanguage":"es"},{"@type":"Organization","@id":"https:\/\/business.neosurf.com\/es\/#organization","name":"neoukteam-dev-businessneosurf.pf6002.wpserveur.net","url":"https:\/\/business.neosurf.com\/es\/","logo":{"@type":"ImageObject","inLanguage":"es","@id":"https:\/\/business.neosurf.com\/es\/#\/schema\/logo\/image\/","url":"https:\/\/business.neosurf.com\/wp-content\/uploads\/2021\/02\/Neosurf-logo-full-white-980x482-1.png","contentUrl":"https:\/\/business.neosurf.com\/wp-content\/uploads\/2021\/02\/Neosurf-logo-full-white-980x482-1.png","width":980,"height":482,"caption":"neoukteam-dev-businessneosurf.pf6002.wpserveur.net"},"image":{"@id":"https:\/\/business.neosurf.com\/es\/#\/schema\/logo\/image\/"},"sameAs":["https:\/\/www.linkedin.com\/company\/neosurf-cards\/"]}]}},"_links":{"self":[{"href":"https:\/\/business.neosurf.com\/es\/wp-json\/wp\/v2\/pages\/24998","targetHints":{"allow":["GET"]}}],"collection":[{"href":"https:\/\/business.neosurf.com\/es\/wp-json\/wp\/v2\/pages"}],"about":[{"href":"https:\/\/business.neosurf.com\/es\/wp-json\/wp\/v2\/types\/page"}],"author":[{"embeddable":true,"href":"https:\/\/business.neosurf.com\/es\/wp-json\/wp\/v2\/users\/3"}],"replies":[{"embeddable":true,"href":"https:\/\/business.neosurf.com\/es\/wp-json\/wp\/v2\/comments?post=24998"}],"version-history":[{"count":3,"href":"https:\/\/business.neosurf.com\/es\/wp-json\/wp\/v2\/pages\/24998\/revisions"}],"predecessor-version":[{"id":26112,"href":"https:\/\/business.neosurf.com\/es\/wp-json\/wp\/v2\/pages\/24998\/revisions\/26112"}],"wp:attachment":[{"href":"https:\/\/business.neosurf.com\/es\/wp-json\/wp\/v2\/media?parent=24998"}],"curies":[{"name":"wp","href":"https:\/\/api.w.org\/{rel}","templated":true}]}}