{"id":25433,"date":"2021-04-15T10:34:44","date_gmt":"2021-04-15T10:34:44","guid":{"rendered":"https:\/\/business.neosurf.com\/plantilla-de-pagina-comercial-5\/"},"modified":"2025-08-12T16:01:06","modified_gmt":"2025-08-12T16:01:06","slug":"news","status":"publish","type":"page","link":"https:\/\/business.neosurf.com\/es\/news\/","title":{"rendered":"Noticias"},"content":{"rendered":"<p>[et_pb_section fb_built=\u00bb1&#8243; admin_label=\u00bbHero Section\u00bb _builder_version=\u00bb4.27.4&#8243; use_background_color_gradient=\u00bbon\u00bb background_color_gradient_direction=\u00bb151deg\u00bb background_color_gradient_stops=\u00bbrgba(0,0,0,0.88) 0%|rgba(0,0,0,0.13) 100%\u00bb background_color_gradient_overlays_image=\u00bbon\u00bb background_color_gradient_start=\u00bbrgba(0,0,0,0.88)\u00bb background_color_gradient_end=\u00bbrgba(0,0,0,0.13)\u00bb background_image=\u00bbhttps:\/\/business.neosurf.com\/wp-content\/uploads\/2025\/08\/Neosurf-news-scaled.jpg\u00bb custom_padding=\u00bb5%||0%|||\u00bb hover_enabled=\u00bb0&#8243; global_colors_info=\u00bb{}\u00bb alt=\u00bbNeosurf news\u00bb title_text=\u00bbNeosurf news\u00bb parallax=\u00bbon\u00bb sticky_enabled=\u00bb0&#8243;][et_pb_row admin_label=\u00bb\u00c1rea Hero\u00bb _builder_version=\u00bb4.16&#8243; background_size=\u00bbinitial\u00bb background_position=\u00bbtop_left\u00bb background_repeat=\u00bbrepeat\u00bb custom_padding=\u00bb0px|||||\u00bb global_colors_info=\u00bb{}\u00bb][et_pb_column type=\u00bb4_4&#8243; _builder_version=\u00bb4.16&#8243; custom_padding=\u00bb80px||80px|\u00bb global_colors_info=\u00bb{}\u00bb custom_padding__hover=\u00bb|||\u00bb][et_pb_text _builder_version=\u00bb4.16&#8243; text_font=\u00bbOpen Sans|700|||||||\u00bb text_text_color=\u00bb#ffffff\u00bb text_font_size=\u00bb50px\u00bb text_line_height=\u00bb1.5em\u00bb header_line_height=\u00bb1.5em\u00bb text_orientation=\u00bbcenter\u00bb global_colors_info=\u00bb{}\u00bb]<\/p>\n<p>Noticias Neosurf<\/p>\n<p>[\/et_pb_text][et_pb_text _builder_version=\u00bb4.16&#8243; text_font=\u00bbOpen Sans||||||||\u00bb text_text_color=\u00bb#ffffff\u00bb text_font_size=\u00bb30px\u00bb text_line_height=\u00bb1.5em\u00bb text_orientation=\u00bbcenter\u00bb global_colors_info=\u00bb{}\u00bb]<\/p>\n<p>Lea las \u00faltimas noticias y cobertura sobre Neosurf<\/p>\n<p>[\/et_pb_text][\/et_pb_column][\/et_pb_row][\/et_pb_section][et_pb_section fb_built=\u00bb1&#8243; admin_label=\u00bbPosts\u00bb _builder_version=\u00bb4.16&#8243; custom_padding=\u00bb14px|0px|0|0px|false|false\u00bb global_colors_info=\u00bb{}\u00bb use_background_color_gradient__hover=\u00bboff\u00bb use_background_color_gradient__hover_enabled=\u00bboff\u00bb background_color_gradient_start__hover=\u00bb#2b87da\u00bb background_color_gradient_start__hover_enabled=\u00bb#2b87da\u00bb background_color_gradient_end__hover=\u00bb#29c4a9&#8243; background_color_gradient_end__hover_enabled=\u00bb#29c4a9&#8243; background_color_gradient_type__hover=\u00bblinear\u00bb background_color_gradient_type__hover_enabled=\u00bblinear\u00bb background_color_gradient_direction__hover=\u00bb180deg\u00bb background_color_gradient_direction__hover_enabled=\u00bb180deg\u00bb background_color_gradient_direction_radial__hover=\u00bbcenter\u00bb background_color_gradient_direction_radial__hover_enabled=\u00bbcenter\u00bb background_color_gradient_start_position__hover=\u00bb0%\u00bb background_color_gradient_start_position__hover_enabled=\u00bb0%\u00bb background_color_gradient_end_position__hover=\u00bb100%\u00bb background_color_gradient_end_position__hover_enabled=\u00bb100%\u00bb background_color_gradient_overlays_image__hover=\u00bboff\u00bb background_color_gradient_overlays_image__hover_enabled=\u00bboff\u00bb parallax__hover=\u00bboff\u00bb parallax__hover_enabled=\u00bboff\u00bb parallax_method__hover=\u00bbon\u00bb parallax_method__hover_enabled=\u00bbon\u00bb background_size__hover=\u00bbcover\u00bb background_size__hover_enabled=\u00bbcover\u00bb background_position__hover=\u00bbcenter\u00bb background_position__hover_enabled=\u00bbcenter\u00bb background_repeat__hover=\u00bbno-repeat\u00bb background_repeat__hover_enabled=\u00bbno-repeat\u00bb background_blend__hover=\u00bbnormal\u00bb background_blend__hover_enabled=\u00bbnormal\u00bb allow_player_pause__hover=\u00bboff\u00bb allow_player_pause__hover_enabled=\u00bboff\u00bb background_video_pause_outside_viewport__hover=\u00bbon\u00bb background_video_pause_outside_viewport__hover_enabled=\u00bbon\u00bb background_color_gradient_stops__hover=\u00bb#2b87da 0%|#29c4a9 100%\u00bb][et_pb_row column_structure=\u00bb1_4,1_4,1_4,1_4&#8243; make_equal=\u00bbon\u00bb _builder_version=\u00bb4.27.4&#8243; background_color=\u00bb#212853&#8243; max_width=\u00bb1280px\u00bb custom_margin=\u00bb30px||30px||false\u00bb custom_padding=\u00bb12px|20px|2px|20px|false|true\u00bb border_radii=\u00bbon|10px|10px|10px|10px\u00bb border_width_all=\u00bb2px\u00bb border_color_all=\u00bbrgba(58,206,216,0.09)\u00bb use_custom_width=\u00bbon\u00bb custom_width_px=\u00bb1280px\u00bb saved_tabs=\u00bball\u00bb locked=\u00bboff\u00bb global_colors_info=\u00bb{}\u00bb][et_pb_column type=\u00bb1_4&#8243; _builder_version=\u00bb4.16&#8243; custom_padding=\u00bb|||\u00bb global_colors_info=\u00bb{}\u00bb custom_padding__hover=\u00bb|||\u00bb][et_pb_text _builder_version=\u00bb4.27.4&#8243; text_font=\u00bbOpen Sans|700|||||||\u00bb text_text_color=\u00bb#E72582&#8243; text_font_size=\u00bb16px\u00bb text_line_height=\u00bb1.8em\u00bb header_font=\u00bb||||||||\u00bb background_color=\u00bb#ffffff\u00bb custom_margin=\u00bb||10px\u00bb custom_padding=\u00bb8px|10px|8px|10px|true|true\u00bb link_option_url=\u00bbhttps:\/\/business.neosurf.com\/category\/esports\/\u00bb link_option_url_new_window=\u00bbon\u00bb border_radii=\u00bbon|10px|10px|10px|10px\u00bb box_shadow_style=\u00bbpreset3&#8243; box_shadow_color=\u00bbrgba(0,0,0,0.02)\u00bb locked=\u00bboff\u00bb global_colors_info=\u00bb{}\u00bb link_text_color__hover=\u00bb#ffffff\u00bb background__hover_enabled=\u00bbon|hover\u00bb background_color__hover=\u00bb#ff3299&#8243; text_text_color__hover_enabled=\u00bbon|hover\u00bb text_text_color__hover=\u00bb#ffffff\u00bb background_enable_color__hover=\u00bbon\u00bb]<\/p>\n<p style=\"text-align: center;\">Esports<\/p>\n<p>[\/et_pb_text][et_pb_text _builder_version=\u00bb4.16&#8243; text_font=\u00bbOpen Sans|700|||||||\u00bb text_text_color=\u00bb#E72582&#8243; text_font_size=\u00bb16px\u00bb text_line_height=\u00bb1.8em\u00bb header_font=\u00bb||||||||\u00bb background_color=\u00bb#ffffff\u00bb custom_margin=\u00bb||10px\u00bb custom_padding=\u00bb8px|10px|8px|10px|true|true\u00bb link_option_url=\u00bbhttps:\/\/business.neosurf.com\/category\/sponsorship\/\u00bb link_option_url_new_window=\u00bbon\u00bb border_radii=\u00bbon|10px|10px|10px|10px\u00bb box_shadow_style=\u00bbpreset3&#8243; box_shadow_color=\u00bbrgba(0,0,0,0.02)\u00bb locked=\u00bboff\u00bb global_colors_info=\u00bb{}\u00bb link_text_color__hover=\u00bb#ffffff\u00bb background__hover_enabled=\u00bbon|hover\u00bb background_color__hover=\u00bb#ff3299&#8243; text_text_color__hover_enabled=\u00bbon|desktop\u00bb text_text_color__hover=\u00bb#ffffff\u00bb background_enable_color__hover=\u00bbon\u00bb]<\/p>\n<p style=\"text-align: center;\">Patrocinio<\/p>\n<p>[\/et_pb_text][\/et_pb_column][et_pb_column type=\u00bb1_4&#8243; _builder_version=\u00bb4.16&#8243; custom_padding=\u00bb|||\u00bb global_colors_info=\u00bb{}\u00bb custom_padding__hover=\u00bb|||\u00bb][et_pb_text _builder_version=\u00bb4.27.4&#8243; text_font=\u00bbOpen Sans|700|||||||\u00bb text_text_color=\u00bb#E72582&#8243; text_font_size=\u00bb16px\u00bb text_line_height=\u00bb1.8em\u00bb header_font=\u00bb||||||||\u00bb background_color=\u00bb#ffffff\u00bb custom_margin=\u00bb||10px\u00bb custom_padding=\u00bb8px|10px|8px|10px|true|true\u00bb link_option_url=\u00bbhttps:\/\/business.neosurf.com\/category\/gaming\/\u00bb link_option_url_new_window=\u00bbon\u00bb border_radii=\u00bbon|10px|10px|10px|10px\u00bb box_shadow_style=\u00bbpreset3&#8243; box_shadow_color=\u00bbrgba(0,0,0,0.02)\u00bb locked=\u00bboff\u00bb global_colors_info=\u00bb{}\u00bb link_text_color__hover=\u00bb#ffffff\u00bb background__hover_enabled=\u00bbon|hover\u00bb background_color__hover=\u00bb#ff3299&#8243; text_text_color__hover_enabled=\u00bbon\u00bb text_text_color__hover=\u00bb#ffffff\u00bb background_enable_color__hover=\u00bbon\u00bb]<\/p>\n<p style=\"text-align: center;\">Juegos<\/p>\n<p>[\/et_pb_text][et_pb_text _builder_version=\u00bb4.16&#8243; text_font=\u00bbOpen Sans|700|||||||\u00bb text_text_color=\u00bb#E72582&#8243; text_font_size=\u00bb16px\u00bb text_line_height=\u00bb1.8em\u00bb header_font=\u00bb||||||||\u00bb background_color=\u00bb#ffffff\u00bb custom_margin=\u00bb||10px\u00bb custom_padding=\u00bb8px|10px|8px|10px|true|true\u00bb link_option_url=\u00bbhttps:\/\/business.neosurf.com\/category\/support\/\u00bb link_option_url_new_window=\u00bbon\u00bb border_radii=\u00bbon|10px|10px|10px|10px\u00bb box_shadow_style=\u00bbpreset3&#8243; box_shadow_color=\u00bbrgba(0,0,0,0.02)\u00bb locked=\u00bboff\u00bb global_colors_info=\u00bb{}\u00bb link_text_color__hover=\u00bb#ffffff\u00bb background__hover_enabled=\u00bbon|hover\u00bb background_color__hover=\u00bb#ff3299&#8243; text_text_color__hover_enabled=\u00bbon\u00bb text_text_color__hover=\u00bb#ffffff\u00bb background_enable_color__hover=\u00bbon\u00bb]<\/p>\n<p style=\"text-align: center;\">Ayuda<\/p>\n<p>[\/et_pb_text][\/et_pb_column][et_pb_column type=\u00bb1_4&#8243; _builder_version=\u00bb4.16&#8243; custom_padding=\u00bb|||\u00bb global_colors_info=\u00bb{}\u00bb custom_padding__hover=\u00bb|||\u00bb][et_pb_text _builder_version=\u00bb4.16&#8243; text_font=\u00bbOpen Sans|700|||||||\u00bb text_text_color=\u00bb#E72582&#8243; text_font_size=\u00bb16px\u00bb text_line_height=\u00bb1.8em\u00bb header_font=\u00bb||||||||\u00bb background_color=\u00bb#ffffff\u00bb custom_margin=\u00bb||10px\u00bb custom_padding=\u00bb8px|10px|8px|10px|true|true\u00bb link_option_url=\u00bbhttps:\/\/business.neosurf.com\/es\/category\/sin-categoria\/\u00bb link_option_url_new_window=\u00bbon\u00bb border_radii=\u00bbon|10px|10px|10px|10px\u00bb box_shadow_style=\u00bbpreset3&#8243; box_shadow_color=\u00bbrgba(0,0,0,0.02)\u00bb locked=\u00bboff\u00bb global_colors_info=\u00bb{}\u00bb link_text_color__hover=\u00bb#ffffff\u00bb background__hover_enabled=\u00bbon|hover\u00bb background_color__hover=\u00bb#ff3299&#8243; text_text_color__hover_enabled=\u00bbon\u00bb text_text_color__hover=\u00bb#ffffff\u00bb background_enable_color__hover=\u00bbon\u00bb]<\/p>\n<p style=\"text-align: center;\">Productos<\/p>\n<p>[\/et_pb_text][et_pb_text _builder_version=\u00bb4.16&#8243; text_font=\u00bbOpen Sans|700|||||||\u00bb text_text_color=\u00bb#E72582&#8243; text_font_size=\u00bb16px\u00bb text_line_height=\u00bb1.8em\u00bb header_font=\u00bb||||||||\u00bb background_color=\u00bb#ffffff\u00bb custom_margin=\u00bb||10px\u00bb custom_padding=\u00bb8px|10px|8px|10px|true|true\u00bb link_option_url=\u00bbhttps:\/\/business.neosurf.com\/category\/reseller\/\u00bb link_option_url_new_window=\u00bbon\u00bb border_radii=\u00bbon|10px|10px|10px|10px\u00bb box_shadow_style=\u00bbpreset3&#8243; box_shadow_color=\u00bbrgba(0,0,0,0.02)\u00bb locked=\u00bboff\u00bb global_colors_info=\u00bb{}\u00bb link_text_color__hover=\u00bb#ffffff\u00bb background__hover_enabled=\u00bbon|hover\u00bb background_color__hover=\u00bb#ff3299&#8243; text_text_color__hover_enabled=\u00bbon\u00bb text_text_color__hover=\u00bb#ffffff\u00bb background_enable_color__hover=\u00bbon\u00bb]<\/p>\n<p style=\"text-align: center;\">Revendedor<\/p>\n<p>[\/et_pb_text][\/et_pb_column][et_pb_column type=\u00bb1_4&#8243; _builder_version=\u00bb4.16&#8243; custom_padding=\u00bb|||\u00bb global_colors_info=\u00bb{}\u00bb custom_padding__hover=\u00bb|||\u00bb][et_pb_text _builder_version=\u00bb4.27.4&#8243; text_font=\u00bbOpen Sans|700|||||||\u00bb text_text_color=\u00bb#E72582&#8243; text_font_size=\u00bb16px\u00bb text_line_height=\u00bb1.8em\u00bb header_font=\u00bb||||||||\u00bb background_color=\u00bb#ffffff\u00bb custom_margin=\u00bb||10px\u00bb custom_padding=\u00bb8px|10px|8px|10px|true|true\u00bb link_option_url=\u00bbhttps:\/\/business.neosurf.com\/es\/category\/united-states-es\/\u00bb link_option_url_new_window=\u00bbon\u00bb border_radii=\u00bbon|10px|10px|10px|10px\u00bb box_shadow_style=\u00bbpreset3&#8243; box_shadow_color=\u00bbrgba(0,0,0,0.02)\u00bb locked=\u00bboff\u00bb global_colors_info=\u00bb{}\u00bb link_text_color__hover=\u00bb#ffffff\u00bb background__hover_enabled=\u00bbon|hover\u00bb background_color__hover=\u00bb#ff3299&#8243; text_text_color__hover_enabled=\u00bbon\u00bb text_text_color__hover=\u00bb#ffffff\u00bb background_enable_color__hover=\u00bbon\u00bb]<\/p>\n<p style=\"text-align: center;\">Estados Unidos<\/p>\n<p>[\/et_pb_text][\/et_pb_column][\/et_pb_row][et_pb_row use_custom_gutter=\u00bbon\u00bb gutter_width=\u00bb2&#8243; make_equal=\u00bbon\u00bb _builder_version=\u00bb4.16&#8243; max_width=\u00bb1280px\u00bb custom_padding=\u00bb0|0px|27px|0px|false|false\u00bb use_custom_width=\u00bbon\u00bb custom_width_px=\u00bb1280px\u00bb global_colors_info=\u00bb{}\u00bb][et_pb_column type=\u00bb4_4&#8243; _builder_version=\u00bb4.16&#8243; custom_padding=\u00bb|||\u00bb global_colors_info=\u00bb{}\u00bb custom_padding__hover=\u00bb|||\u00bb][et_pb_blog fullwidth=\u00bboff\u00bb posts_number=\u00bb20&#8243; include_categories=\u00bb55,15,51,1,13,102,14,101,125,130,all\u00bb show_more=\u00bbon\u00bb show_author=\u00bboff\u00bb show_pagination=\u00bboff\u00bb _builder_version=\u00bb4.27.4&#8243; _module_preset=\u00bbdefault\u00bb header_font=\u00bbOpen Sans|700|||||||\u00bb header_line_height=\u00bb1.5em\u00bb body_font=\u00bbOpen Sans||||||||\u00bb body_text_color=\u00bb#000000&#8243; meta_font=\u00bbOpen Sans|700|||||||\u00bb meta_text_color=\u00bb#E72582&#8243; read_more_font=\u00bbOpen Sans||||||||\u00bb read_more_text_color=\u00bb#E72582&#8243; pagination_font=\u00bbOpen Sans||||||||\u00bb border_radii=\u00bbon|15px|15px|15px|15px\u00bb global_colors_info=\u00bb{}\u00bb][\/et_pb_blog][\/et_pb_column][\/et_pb_row][\/et_pb_section]<\/p>\n","protected":false},"excerpt":{"rendered":"<p>Noticias NeosurfLea las \u00faltimas noticias y cobertura sobre NeosurfEsportsPatrocinioJuegosAyudaProductosRevendedorEstados Unidos<\/p>\n","protected":false},"author":3,"featured_media":0,"parent":0,"menu_order":0,"comment_status":"closed","ping_status":"closed","template":"","meta":{"_et_pb_use_builder":"on","_et_pb_old_content":"","_et_gb_content_width":"","_exactmetrics_skip_tracking":false,"_exactmetrics_sitenote_active":false,"_exactmetrics_sitenote_note":"","_exactmetrics_sitenote_category":0,"footnotes":""},"class_list":["post-25433","page","type-page","status-publish","hentry"],"yoast_head":"<!-- This site is optimized with the Yoast SEO plugin v26.8 - https:\/\/yoast.com\/product\/yoast-seo-wordpress\/ -->\n<title>Noticias<\/title>\n<meta name=\"description\" content=\"\u00danase a nosotros y benef\u00edciese aceptando pagos Neosurf en su p\u00e1gina web o vendiendo Bonos prepago Neosurf. As\u00ed de simple es pagar y jugar online.\" \/>\n<meta name=\"robots\" content=\"index, follow, max-snippet:-1, max-image-preview:large, max-video-preview:-1\" \/>\n<link rel=\"canonical\" href=\"https:\/\/business.neosurf.com\/es\/news\/\" \/>\n<meta property=\"og:locale\" content=\"es_ES\" \/>\n<meta property=\"og:type\" content=\"article\" \/>\n<meta property=\"og:title\" content=\"Noticias\" \/>\n<meta property=\"og:description\" content=\"\u00danase a nosotros y benef\u00edciese aceptando pagos Neosurf en su p\u00e1gina web o vendiendo Bonos prepago Neosurf. As\u00ed de simple es pagar y jugar online.\" \/>\n<meta property=\"og:url\" content=\"https:\/\/business.neosurf.com\/es\/news\/\" \/>\n<meta property=\"og:site_name\" content=\"Neosurf\" \/>\n<meta property=\"article:modified_time\" content=\"2025-08-12T16:01:06+00:00\" \/>\n<meta property=\"og:image\" content=\"https:\/\/business.neosurf.com\/wp-content\/uploads\/2023\/10\/NS_LOGOS_SSPPO_E72582_BACKGROUND.png\" \/>\n\t<meta property=\"og:image:width\" content=\"1083\" \/>\n\t<meta property=\"og:image:height\" content=\"730\" \/>\n\t<meta property=\"og:image:type\" content=\"image\/png\" \/>\n<meta name=\"twitter:card\" content=\"summary_large_image\" \/>\n<meta name=\"twitter:label1\" content=\"Tiempo de lectura\" \/>\n\t<meta name=\"twitter:data1\" content=\"7 minutos\" \/>\n<script type=\"application\/ld+json\" class=\"yoast-schema-graph\">{\"@context\":\"https:\/\/schema.org\",\"@graph\":[{\"@type\":\"WebPage\",\"@id\":\"https:\/\/business.neosurf.com\/es\/news\/\",\"url\":\"https:\/\/business.neosurf.com\/es\/news\/\",\"name\":\"Noticias\",\"isPartOf\":{\"@id\":\"https:\/\/business.neosurf.com\/es\/#website\"},\"datePublished\":\"2021-04-15T10:34:44+00:00\",\"dateModified\":\"2025-08-12T16:01:06+00:00\",\"description\":\"\u00danase a nosotros y benef\u00edciese aceptando pagos Neosurf en su p\u00e1gina web o vendiendo Bonos prepago Neosurf. As\u00ed de simple es pagar y jugar online.\",\"breadcrumb\":{\"@id\":\"https:\/\/business.neosurf.com\/es\/news\/#breadcrumb\"},\"inLanguage\":\"es\",\"potentialAction\":[{\"@type\":\"ReadAction\",\"target\":[\"https:\/\/business.neosurf.com\/es\/news\/\"]}]},{\"@type\":\"BreadcrumbList\",\"@id\":\"https:\/\/business.neosurf.com\/es\/news\/#breadcrumb\",\"itemListElement\":[{\"@type\":\"ListItem\",\"position\":1,\"name\":\"Home\",\"item\":\"https:\/\/business.neosurf.com\/es\/\"},{\"@type\":\"ListItem\",\"position\":2,\"name\":\"Noticias\"}]},{\"@type\":\"WebSite\",\"@id\":\"https:\/\/business.neosurf.com\/es\/#website\",\"url\":\"https:\/\/business.neosurf.com\/es\/\",\"name\":\"neoukteam-dev-businessneosurf.pf6002.wpserveur.net\",\"description\":\"So Simple to Pay and Play Online | Payments with Personality\",\"publisher\":{\"@id\":\"https:\/\/business.neosurf.com\/es\/#organization\"},\"potentialAction\":[{\"@type\":\"SearchAction\",\"target\":{\"@type\":\"EntryPoint\",\"urlTemplate\":\"https:\/\/business.neosurf.com\/es\/?s={search_term_string}\"},\"query-input\":{\"@type\":\"PropertyValueSpecification\",\"valueRequired\":true,\"valueName\":\"search_term_string\"}}],\"inLanguage\":\"es\"},{\"@type\":\"Organization\",\"@id\":\"https:\/\/business.neosurf.com\/es\/#organization\",\"name\":\"neoukteam-dev-businessneosurf.pf6002.wpserveur.net\",\"url\":\"https:\/\/business.neosurf.com\/es\/\",\"logo\":{\"@type\":\"ImageObject\",\"inLanguage\":\"es\",\"@id\":\"https:\/\/business.neosurf.com\/es\/#\/schema\/logo\/image\/\",\"url\":\"https:\/\/business.neosurf.com\/wp-content\/uploads\/2021\/02\/Neosurf-logo-full-white-980x482-1.png\",\"contentUrl\":\"https:\/\/business.neosurf.com\/wp-content\/uploads\/2021\/02\/Neosurf-logo-full-white-980x482-1.png\",\"width\":980,\"height\":482,\"caption\":\"neoukteam-dev-businessneosurf.pf6002.wpserveur.net\"},\"image\":{\"@id\":\"https:\/\/business.neosurf.com\/es\/#\/schema\/logo\/image\/\"},\"sameAs\":[\"https:\/\/www.linkedin.com\/company\/neosurf-cards\/\"]}]}<\/script>\n<!-- \/ Yoast SEO plugin. -->","yoast_head_json":{"title":"Noticias","description":"\u00danase a nosotros y benef\u00edciese aceptando pagos Neosurf en su p\u00e1gina web o vendiendo Bonos prepago Neosurf. As\u00ed de simple es pagar y jugar online.","robots":{"index":"index","follow":"follow","max-snippet":"max-snippet:-1","max-image-preview":"max-image-preview:large","max-video-preview":"max-video-preview:-1"},"canonical":"https:\/\/business.neosurf.com\/es\/news\/","og_locale":"es_ES","og_type":"article","og_title":"Noticias","og_description":"\u00danase a nosotros y benef\u00edciese aceptando pagos Neosurf en su p\u00e1gina web o vendiendo Bonos prepago Neosurf. As\u00ed de simple es pagar y jugar online.","og_url":"https:\/\/business.neosurf.com\/es\/news\/","og_site_name":"Neosurf","article_modified_time":"2025-08-12T16:01:06+00:00","og_image":[{"width":1083,"height":730,"url":"https:\/\/business.neosurf.com\/wp-content\/uploads\/2023\/10\/NS_LOGOS_SSPPO_E72582_BACKGROUND.png","type":"image\/png"}],"twitter_card":"summary_large_image","twitter_misc":{"Tiempo de lectura":"7 minutos"},"schema":{"@context":"https:\/\/schema.org","@graph":[{"@type":"WebPage","@id":"https:\/\/business.neosurf.com\/es\/news\/","url":"https:\/\/business.neosurf.com\/es\/news\/","name":"Noticias","isPartOf":{"@id":"https:\/\/business.neosurf.com\/es\/#website"},"datePublished":"2021-04-15T10:34:44+00:00","dateModified":"2025-08-12T16:01:06+00:00","description":"\u00danase a nosotros y benef\u00edciese aceptando pagos Neosurf en su p\u00e1gina web o vendiendo Bonos prepago Neosurf. As\u00ed de simple es pagar y jugar online.","breadcrumb":{"@id":"https:\/\/business.neosurf.com\/es\/news\/#breadcrumb"},"inLanguage":"es","potentialAction":[{"@type":"ReadAction","target":["https:\/\/business.neosurf.com\/es\/news\/"]}]},{"@type":"BreadcrumbList","@id":"https:\/\/business.neosurf.com\/es\/news\/#breadcrumb","itemListElement":[{"@type":"ListItem","position":1,"name":"Home","item":"https:\/\/business.neosurf.com\/es\/"},{"@type":"ListItem","position":2,"name":"Noticias"}]},{"@type":"WebSite","@id":"https:\/\/business.neosurf.com\/es\/#website","url":"https:\/\/business.neosurf.com\/es\/","name":"neoukteam-dev-businessneosurf.pf6002.wpserveur.net","description":"So Simple to Pay and Play Online | Payments with Personality","publisher":{"@id":"https:\/\/business.neosurf.com\/es\/#organization"},"potentialAction":[{"@type":"SearchAction","target":{"@type":"EntryPoint","urlTemplate":"https:\/\/business.neosurf.com\/es\/?s={search_term_string}"},"query-input":{"@type":"PropertyValueSpecification","valueRequired":true,"valueName":"search_term_string"}}],"inLanguage":"es"},{"@type":"Organization","@id":"https:\/\/business.neosurf.com\/es\/#organization","name":"neoukteam-dev-businessneosurf.pf6002.wpserveur.net","url":"https:\/\/business.neosurf.com\/es\/","logo":{"@type":"ImageObject","inLanguage":"es","@id":"https:\/\/business.neosurf.com\/es\/#\/schema\/logo\/image\/","url":"https:\/\/business.neosurf.com\/wp-content\/uploads\/2021\/02\/Neosurf-logo-full-white-980x482-1.png","contentUrl":"https:\/\/business.neosurf.com\/wp-content\/uploads\/2021\/02\/Neosurf-logo-full-white-980x482-1.png","width":980,"height":482,"caption":"neoukteam-dev-businessneosurf.pf6002.wpserveur.net"},"image":{"@id":"https:\/\/business.neosurf.com\/es\/#\/schema\/logo\/image\/"},"sameAs":["https:\/\/www.linkedin.com\/company\/neosurf-cards\/"]}]}},"_links":{"self":[{"href":"https:\/\/business.neosurf.com\/es\/wp-json\/wp\/v2\/pages\/25433","targetHints":{"allow":["GET"]}}],"collection":[{"href":"https:\/\/business.neosurf.com\/es\/wp-json\/wp\/v2\/pages"}],"about":[{"href":"https:\/\/business.neosurf.com\/es\/wp-json\/wp\/v2\/types\/page"}],"author":[{"embeddable":true,"href":"https:\/\/business.neosurf.com\/es\/wp-json\/wp\/v2\/users\/3"}],"replies":[{"embeddable":true,"href":"https:\/\/business.neosurf.com\/es\/wp-json\/wp\/v2\/comments?post=25433"}],"version-history":[{"count":3,"href":"https:\/\/business.neosurf.com\/es\/wp-json\/wp\/v2\/pages\/25433\/revisions"}],"predecessor-version":[{"id":26462,"href":"https:\/\/business.neosurf.com\/es\/wp-json\/wp\/v2\/pages\/25433\/revisions\/26462"}],"wp:attachment":[{"href":"https:\/\/business.neosurf.com\/es\/wp-json\/wp\/v2\/media?parent=25433"}],"curies":[{"name":"wp","href":"https:\/\/api.w.org\/{rel}","templated":true}]}}