{"id":25728,"date":"2025-05-15T10:05:14","date_gmt":"2025-05-15T10:05:14","guid":{"rendered":"https:\/\/business.neosurf.com\/noticias-y-eventos-ee-uu\/"},"modified":"2025-06-10T10:32:07","modified_gmt":"2025-06-10T10:32:07","slug":"our-solutions","status":"publish","type":"page","link":"https:\/\/business.neosurf.com\/es\/our-solutions\/","title":{"rendered":"Nuestras soluciones"},"content":{"rendered":"<p>[et_pb_section fb_built=\u00bb1&#8243; custom_padding_last_edited=\u00bbon|phone\u00bb disabled_on=\u00bboff|off|off\u00bb _builder_version=\u00bb4.27.4&#8243; _module_preset=\u00bbdefault\u00bb background_image=\u00bbhttps:\/\/business.neosurf.com\/wp-content\/uploads\/2025\/05\/Frame-98-1.png\u00bb custom_padding=\u00bb||200px|||\u00bb custom_padding_tablet=\u00bb||200px|||\u00bb custom_padding_phone=\u00bb||90px||false|false\u00bb global_colors_info=\u00bb{}\u00bb][et_pb_row _builder_version=\u00bb4.27.4&#8243; _module_preset=\u00bbdefault\u00bb global_colors_info=\u00bb{}\u00bb][et_pb_column type=\u00bb4_4&#8243; _builder_version=\u00bb4.27.4&#8243; _module_preset=\u00bbdefault\u00bb global_colors_info=\u00bb{}\u00bb][et_pb_text disabled_on=\u00bboff|off|off\u00bb _builder_version=\u00bb4.27.4&#8243; _module_preset=\u00bb94fa2ee4-6b60-4d0b-b837-7f0ceae12b87&#8243; header_font=\u00bb&#8211;et_global_body_font|700|||||||\u00bb header_text_color=\u00bb#212853&#8243; header_font_size=\u00bb52px\u00bb header_line_height=\u00bb110%\u00bb custom_margin=\u00bb||17px|||\u00bb custom_padding=\u00bb49px|||||\u00bb text_font_size_tablet=\u00bb\u00bb text_font_size_phone=\u00bb14px\u00bb text_font_size_last_edited=\u00bbon|phone\u00bb header_font_size_tablet=\u00bb40px\u00bb header_font_size_phone=\u00bb34px\u00bb header_font_size_last_edited=\u00bbon|tablet\u00bb header_2_font_size_tablet=\u00bb30px\u00bb header_2_font_size_phone=\u00bb20px\u00bb header_2_font_size_last_edited=\u00bboff|desktop\u00bb locked=\u00bboff\u00bb global_colors_info=\u00bb{}\u00bb]<\/p>\n<h1><span style=\"color: #e72582;\"><span><span style=\"color: #212853;\"><span style=\"color: #e72582;\">Soluciones Neosurf: <\/span><br \/>impulse su negocio<br \/><span style=\"color: #e72582;\">hacia adelante<\/span><\/span><\/span><\/span><\/h1>\n<p>[\/et_pb_text][\/et_pb_column][\/et_pb_row][\/et_pb_section][et_pb_section fb_built=\u00bb1&#8243; module_id=\u00bbpagos\u00bb _builder_version=\u00bb4.16&#8243; _module_preset=\u00bbdefault\u00bb width=\u00bb100%\u00bb custom_padding=\u00bb0px|||||\u00bb global_colors_info=\u00bb{}\u00bb][et_pb_row column_structure=\u00bb2_5,3_5&#8243; _builder_version=\u00bb4.27.4&#8243; _module_preset=\u00bbdefault\u00bb custom_padding=\u00bb60px||21px|||\u00bb global_colors_info=\u00bb{}\u00bb][et_pb_column type=\u00bb2_5&#8243; _builder_version=\u00bb4.27.4&#8243; _module_preset=\u00bbdefault\u00bb custom_padding=\u00bb50px|25px|50px|25px|true|true\u00bb border_radii=\u00bbon|10px|10px|10px|10px\u00bb box_shadow_style=\u00bbpreset1&#8243; global_colors_info=\u00bb{}\u00bb][et_pb_image src=\u00bbhttps:\/\/business.neosurf.com\/wp-content\/uploads\/2025\/01\/Payouts-2@2x-1.png\u00bb alt=\u00bbPagos Neosurf\u00bb title_text=\u00bbPagos 2@2x\u00bb show_bottom_space=\u00bboff\u00bb align=\u00bbcenter\u00bb _builder_version=\u00bb4.27.4&#8243; _module_preset=\u00bbdefault\u00bb global_colors_info=\u00bb{}\u00bb][\/et_pb_image][\/et_pb_column][et_pb_column type=\u00bb3_5&#8243; _builder_version=\u00bb4.16&#8243; _module_preset=\u00bbdefault\u00bb global_colors_info=\u00bb{}\u00bb][et_pb_text _builder_version=\u00bb4.27.4&#8243; text_font=\u00bbOpen Sans|700|||||||\u00bb text_text_color=\u00bb#212853&#8243; header_font=\u00bbOpen Sans|700|||||||\u00bb header_text_align=\u00bbleft\u00bb header_text_color=\u00bb#E72582&#8243; header_font_size=\u00bb40px\u00bb custom_margin=\u00bb8px||0px||false|false\u00bb custom_padding=\u00bb||0px|||\u00bb header_font_size_tablet=\u00bb40px\u00bb header_font_size_phone=\u00bb38px\u00bb header_font_size_last_edited=\u00bbon|phone\u00bb global_colors_info=\u00bb{}\u00bb]<\/p>\n<div class=\"intro\">\n<h1 class=\"headline\" style=\"text-align: left;\">Pagos<\/h1>\n<\/div>\n<div class=\"content\"><\/div>\n<p>[\/et_pb_text][et_pb_text _builder_version=\u00bb4.27.4&#8243; _module_preset=\u00bbdefault\u00bb header_text_color=\u00bb#212853&#8243; header_3_text_color=\u00bb#212853&#8243; custom_margin=\u00bb||17px|||\u00bb custom_padding=\u00bb13px|||||\u00bb global_colors_info=\u00bb{}\u00bb]<\/p>\n<h3>Neosurf, la forma simple y segura de efectuar pagos<\/h3>\n<p>[\/et_pb_text][et_pb_text _builder_version=\u00bb4.27.4&#8243; text_font=\u00bbOpen Sans||||||||\u00bb text_text_color=\u00bb#212853&#8243; text_font_size=\u00bb16px\u00bb global_colors_info=\u00bb{}\u00bb]<\/p>\n<p class=\"p1\">Neosurf es una marca de pago confiable y probada, utilizada en todo el mundo por jugadores para realizar dep\u00f3sitos en efectivo en sus sitios de juego favoritos. Ahora puede utilizar Neosurf para todos sus pagos. <\/p>\n<p>[\/et_pb_text][\/et_pb_column][\/et_pb_row][et_pb_row column_structure=\u00bb1_2,1_2&#8243; _builder_version=\u00bb4.16&#8243; _module_preset=\u00bbdefault\u00bb custom_padding=\u00bb||0px|||\u00bb global_colors_info=\u00bb{}\u00bb][et_pb_column type=\u00bb1_2&#8243; _builder_version=\u00bb4.16&#8243; _module_preset=\u00bbdefault\u00bb global_colors_info=\u00bb{}\u00bb][et_pb_text _builder_version=\u00bb4.27.4&#8243; _module_preset=\u00bbdefault\u00bb text_font=\u00bbOpen Sans||||||||\u00bb text_text_color=\u00bb#212853&#8243; text_font_size=\u00bb16px\u00bb header_3_text_color=\u00bb#212853&#8243; global_colors_info=\u00bb{}\u00bb]<\/p>\n<h3><strong>Beneficios para el operador<\/strong><\/h3>\n<ul>\n<li>Utilizando su API, puede instruir pagos a Neosurf con control y rapidez.<\/li>\n<li>El modelo de negocio se ha simplificado para no crear tareas arduas en las conciliaciones de liquidaciones.<\/li>\n<li>La agregaci\u00f3n de datos est\u00e1 disponible con su gestor de cuenta, ayud\u00e1ndole a ver el crecimiento y las estad\u00edsticas de los jugadores.<\/li>\n<li>Fuerte adherencia a KYC y compromiso para garantizar que se cumplan las responsabilidades regulatorias en su nombre.<\/li>\n<li>Simplicidad de la cartera de cuenta.<\/li>\n<\/ul>\n<p>No operamos programas de marketing de afiliados ni de bonificaciones, simplemente nos encargamos de los fondos de los jugadores para que puedan disfrutar de los pagos y realizar m\u00e1s dep\u00f3sitos y retiros. Nada complicado, solo lo que el jugador necesita, lo que genera un crecimiento de la lealtad y un mayor crecimiento de las conversiones. <\/p>\n<p>[\/et_pb_text][\/et_pb_column][et_pb_column type=\u00bb1_2&#8243; _builder_version=\u00bb4.16&#8243; _module_preset=\u00bbdefault\u00bb global_colors_info=\u00bb{}\u00bb][et_pb_text _builder_version=\u00bb4.27.4&#8243; _module_preset=\u00bbdefault\u00bb text_font=\u00bbOpen Sans||||||||\u00bb text_text_color=\u00bb#212853&#8243; text_font_size=\u00bb16px\u00bb header_3_text_color=\u00bb#212853&#8243; global_colors_info=\u00bb{}\u00bb]<\/p>\n<h3><strong>Beneficios para el jugador<\/strong><\/h3>\n<p><strong><\/strong><\/p>\n<p><strong><\/strong><\/p>\n<ul>\n<li>Cuando se ha activado un pago, el jugador obtiene acceso inmediato a sus ganancias en su Cuenta Neosurf.<\/li>\n<li>Visualizaci\u00f3n inmediata del pago en la p\u00e1gina de transacciones de su cuenta.<\/li>\n<li>La capacidad de gastar inmediatamente o retirar de su cuenta.<\/li>\n<li>La validaci\u00f3n KYC permite todo lo anterior en la letra peque\u00f1a.<\/li>\n<\/ul>\n<p>[\/et_pb_text][et_pb_text _builder_version=\u00bb4.27.4&#8243; text_font=\u00bbOpen Sans||||||||\u00bb text_text_color=\u00bb#212853&#8243; text_font_size=\u00bb16px\u00bb global_colors_info=\u00bb{}\u00bb]<\/p>\n<p class=\"p1\">P\u00f3ngase en contacto con su gestor de cuenta o env\u00edenos un correo electr\u00f3nico aqu\u00ed y nos pondremos en contacto con usted para proporcionarle m\u00e1s informaci\u00f3n.<\/p>\n<p>[\/et_pb_text][et_pb_button button_url=\u00bbmailto:sales@neosurf.com\u00bb button_text=\u00bbCont\u00e1ctenos\u00bb button_alignment=\u00bbleft\u00bb _builder_version=\u00bb4.27.4&#8243; _module_preset=\u00bbdefault\u00bb custom_button=\u00bbon\u00bb button_text_color=\u00bb#FFFFFF\u00bb button_bg_color=\u00bb#E72582&#8243; button_border_width=\u00bb0px\u00bb button_border_color=\u00bbRGBA(0,0,0,0)\u00bb button_border_radius=\u00bb15px\u00bb button_font=\u00bbOpen Sans|700|||||||\u00bb button_use_icon=\u00bboff\u00bb background_layout=\u00bbdark\u00bb saved_tabs=\u00bball\u00bb locked=\u00bboff\u00bb global_colors_info=\u00bb{}\u00bb][\/et_pb_button][\/et_pb_column][\/et_pb_row][et_pb_row column_structure=\u00bb1_2,1_2&#8243; _builder_version=\u00bb4.16&#8243; _module_preset=\u00bbdefault\u00bb custom_margin=\u00bb18px|auto||auto||\u00bb global_colors_info=\u00bb{}\u00bb][et_pb_column type=\u00bb1_2&#8243; _builder_version=\u00bb4.16&#8243; _module_preset=\u00bbdefault\u00bb global_colors_info=\u00bb{}\u00bb][et_pb_image src=\u00bbhttps:\/\/business.neosurf.com\/wp-content\/uploads\/2023\/03\/onboarding.png\u00bb alt=\u00bbProceso de incorporaci\u00f3n de Neosurf\u00bb title_text=\u00bbincorporaci\u00f3n\u00bb _builder_version=\u00bb4.16&#8243; _module_preset=\u00bbdefault\u00bb global_colors_info=\u00bb{}\u00bb][\/et_pb_image][\/et_pb_column][et_pb_column type=\u00bb1_2&#8243; _builder_version=\u00bb4.16&#8243; _module_preset=\u00bbdefault\u00bb global_colors_info=\u00bb{}\u00bb][et_pb_image src=\u00bbhttps:\/\/business.neosurf.com\/wp-content\/uploads\/2023\/01\/funds-flow.png\u00bb alt=\u00bbProceso lento de fondos Neosurf\u00bb title_text=\u00bbflujo de fondos\u00bb _builder_version=\u00bb4.16&#8243; _module_preset=\u00bbdefault\u00bb global_colors_info=\u00bb{}\u00bb][\/et_pb_image][\/et_pb_column][\/et_pb_row][\/et_pb_section][et_pb_section fb_built=\u00bb1&#8243; module_id=\u00bbneosurf-account\u00bb _builder_version=\u00bb4.27.4&#8243; background_enable_color=\u00bboff\u00bb locked=\u00bboff\u00bb global_colors_info=\u00bb{}\u00bb][et_pb_row column_structure=\u00bb1_3,2_3&#8243; _builder_version=\u00bb4.27.4&#8243; global_colors_info=\u00bb{}\u00bb][et_pb_column type=\u00bb1_3&#8243; _builder_version=\u00bb4.16&#8243; custom_padding=\u00bb100px|25px|100px|25px|true|true\u00bb border_radii=\u00bbon|10px|10px|10px|10px\u00bb box_shadow_style=\u00bbpreset1&#8243; global_colors_info=\u00bb{}\u00bb][et_pb_image src=\u00bbhttps:\/\/business.neosurf.com\/wp-content\/uploads\/2025\/01\/Compliance_Handshake_V01_JosefinSans@2x-1.png\u00bb alt=\u00bbIcono de acuerdo de cumplimiento de Neosurf\u00bb title_text=\u00bbCompliance_Handshake_V01_JosefinSans@2x\u00bb align=\u00bbcenter\u00bb _builder_version=\u00bb4.27.4&#8243; height=\u00bb150px\u00bb custom_margin=\u00bb||-6px|||\u00bb custom_padding=\u00bb2px|||||\u00bb global_colors_info=\u00bb{}\u00bb][\/et_pb_image][\/et_pb_column][et_pb_column type=\u00bb2_3&#8243; _builder_version=\u00bb4.16&#8243; global_colors_info=\u00bb{}\u00bb][et_pb_text admin_label=\u00bbNeosurf Vouchers\u00bb _builder_version=\u00bb4.27.4&#8243; text_font=\u00bbOpen Sans|700|||||||\u00bb text_text_color=\u00bb#212853&#8243; header_font=\u00bbOpen Sans|700|||||||\u00bb header_text_color=\u00bb#212853&#8243; header_font_size=\u00bb40px\u00bb custom_margin=\u00bb||13px||false|false\u00bb custom_padding=\u00bb||0px|||\u00bb locked=\u00bboff\u00bb global_colors_info=\u00bb{}\u00bb]<\/p>\n<div class=\"intro\">\n<h1 class=\"headline\" style=\"text-align: left;\">Acuerdo de <span style=\"color: #e72582;\">cumplimiento<\/span><\/h1>\n<\/div>\n<div class=\"content\"><\/div>\n<p>[\/et_pb_text][et_pb_text _builder_version=\u00bb4.27.4&#8243; text_font=\u00bbOpen Sans||||||||\u00bb text_text_color=\u00bb#212853&#8243; text_font_size=\u00bb16px\u00bb global_colors_info=\u00bb{}\u00bb]<\/p>\n<p>Presentamos el Acuerdo de Cumplimiento de Neosurf, un conjunto de servicios de intercambio de datos dise\u00f1ados para respaldar los esfuerzos de cumplimiento, juego responsable y an\u00e1lisis de los operadores.<\/p>\n<p>As\u00ed como un apret\u00f3n de manos en tecnolog\u00eda facilita la transferencia de datos mediante el intercambio de se\u00f1ales y en el mundo del deporte simboliza confianza y respeto, hemos combinado estos conceptos para crear el Acuerdo de Cumplimiento de Neosurf, que compartir\u00e1 datos pertinentes sobre las transacciones de Neosurf y el comportamiento del usuario, para ayudar a nuestros socios en la lucha contra los delitos financieros.<\/p>\n<p>Al abordar la naturaleza percibida de alto riesgo de los m\u00e9todos de pago prepago, Neosurf tiene como objetivo fomentar la colaboraci\u00f3n entre operadores y comerciantes, mitigando riesgos y mejorando la seguridad de los jugadores.<\/p>\n<p>[\/et_pb_text][et_pb_button button_url=\u00bb@ET-DC@eyJkeW5hbWljIjp0cnVlLCJjb250ZW50IjoicG9zdF9saW5rX3VybF9wYWdlIiwic2V0dGluZ3MiOnsicG9zdF9pZCI6IjcxNjEifX0=@\u00bb url_new_window=\u00bbon\u00bb button_text=\u00bbSaber m\u00e1s\u00bb button_alignment=\u00bbleft\u00bb _builder_version=\u00bb4.27.4&#8243; _dynamic_attributes=\u00bbbutton_url\u00bb _module_preset=\u00bbdefault\u00bb custom_button=\u00bbon\u00bb button_text_color=\u00bb#FFFFFF\u00bb button_bg_color=\u00bb#E72582&#8243; button_border_width=\u00bb0px\u00bb button_border_color=\u00bbRGBA(0,0,0,0)\u00bb button_border_radius=\u00bb15px\u00bb button_font=\u00bbOpen Sans|700|||||||\u00bb button_use_icon=\u00bboff\u00bb background_layout=\u00bbdark\u00bb saved_tabs=\u00bball\u00bb locked=\u00bboff\u00bb global_colors_info=\u00bb{}\u00bb][\/et_pb_button][\/et_pb_column][\/et_pb_row][\/et_pb_section][et_pb_section fb_built=\u00bb1&#8243; custom_padding_last_edited=\u00bbon|phone\u00bb admin_label=\u00bbContact Form Section\u00bb _builder_version=\u00bb4.27.4&#8243; background_color=\u00bb#E72582&#8243; background_image=\u00bbhttps:\/\/business.neosurf.com\/wp-content\/uploads\/2025\/05\/Part-Neosurf-map-on-web-CTA-footer.png\u00bb background_size=\u00bbcontain\u00bb min_height=\u00bb300px\u00bb height=\u00bb300px\u00bb custom_padding=\u00bb60px||60px||true|\u00bb custom_padding_tablet=\u00bb60px||60px||true|\u00bb custom_padding_phone=\u00bb36px||36px||true|false\u00bb animation_direction=\u00bbbottom\u00bb border_color_all=\u00bb#212853&#8243; saved_tabs=\u00bball\u00bb locked=\u00bboff\u00bb global_colors_info=\u00bb{}\u00bb][et_pb_row column_structure=\u00bb3_5,2_5&#8243; admin_label=\u00bbT\u00edtulo de la Secci\u00f3n de Servicio\u00bb _builder_version=\u00bb4.27.4&#8243; custom_margin=\u00bb|auto|-7px|auto||\u00bb custom_margin_tablet=\u00bb|auto|-7px|auto||\u00bb custom_margin_phone=\u00bb||||false|false\u00bb custom_margin_last_edited=\u00bbon|phone\u00bb custom_padding=\u00bb0px||0px|||\u00bb animation_style=\u00bbfade\u00bb animation_direction=\u00bbtop\u00bb locked=\u00bboff\u00bb global_colors_info=\u00bb{}\u00bb][et_pb_column type=\u00bb3_5&#8243; _builder_version=\u00bb4.16&#8243; custom_padding=\u00bb|||\u00bb global_colors_info=\u00bb{}\u00bb custom_padding__hover=\u00bb|||\u00bb][et_pb_text content_tablet=\u00bb<\/p>\n<h2><span color=%22#ffffff%22 style=%22color: #ffffff;%22>\u00a1Conquistemos el<\/span><\/h2>\n<h2><span color=%22#ffffff%22 style=%22color: #ffffff;%22>mundo juntos!<\/span><\/h2>\n<p>\u00bb content_phone=\u00bb<\/p>\n<h2><span color=%22#ffffff%22 style=%22color: #ffffff;%22>\u00a1Conquistemos el <\/span><span color=%22#ffffff%22 style=%22color: #ffffff;%22>mundo juntos!<\/span><\/h2>\n<p>\u00bb content_last_edited=\u00bbon|phone\u00bb admin_label=\u00bbTitle\u00bb _builder_version=\u00bb4.27.4&#8243; text_font=\u00bbOpen Sans|700|||||||\u00bb text_text_color=\u00bb#747d88&#8243; text_font_size=\u00bb16px\u00bb text_line_height=\u00bb1.9em\u00bb header_font=\u00bbOpen Sans|700|||||||\u00bb header_text_align=\u00bbleft\u00bb header_font_size=\u00bb50px\u00bb header_2_font=\u00bbOpen Sans|700|||||||\u00bb header_2_text_align=\u00bbleft\u00bb header_2_font_size=\u00bb40px\u00bb header_2_line_height=\u00bb1.3em\u00bb background_size=\u00bbinitial\u00bb background_position=\u00bbtop_left\u00bb background_repeat=\u00bbrepeat\u00bb text_orientation=\u00bbcenter\u00bb max_width=\u00bb700px\u00bb module_alignment=\u00bbcenter\u00bb custom_margin=\u00bb|164px||||\u00bb custom_padding=\u00bb|0px||0px||\u00bb animation_style=\u00bbslide\u00bb animation_direction=\u00bbbottom\u00bb animation_intensity_slide=\u00bb4%\u00bb text_text_shadow_style=\u00bbpreset5&#8243; text_text_shadow_blur_strength=\u00bb0.29em\u00bb text_text_shadow_color=\u00bbrgba(0,0,0,0)\u00bb global_colors_info=\u00bb{}\u00bb]<\/p>\n<h2><span color=\"#ffffff\" style=\"color: #ffffff;\">\u00a1Conquistemos el<\/span><\/h2>\n<h2><span color=\"#ffffff\" style=\"color: #ffffff;\">mundo juntos!<\/span><\/h2>\n<p>[\/et_pb_text][et_pb_button button_url=\u00bb\/es\/contact\/\u00bb button_text=\u00bbM\u00e1s informaci\u00f3n\u00bb button_alignment=\u00bbleft\u00bb _builder_version=\u00bb4.27.4&#8243; _module_preset=\u00bbdefault\u00bb custom_button=\u00bbon\u00bb button_text_color=\u00bb#212853&#8243; button_bg_color=\u00bb#FFFFFF\u00bb button_border_width=\u00bb0px\u00bb button_border_color=\u00bbRGBA(0,0,0,0)\u00bb button_border_radius=\u00bb10px\u00bb button_font=\u00bbOpen Sans|700|||||||\u00bb button_use_icon=\u00bboff\u00bb background_layout=\u00bbdark\u00bb hover_enabled=\u00bb0&#8243; saved_tabs=\u00bball\u00bb locked=\u00bboff\u00bb global_colors_info=\u00bb{}\u00bb sticky_enabled=\u00bb0&#8243;][\/et_pb_button][\/et_pb_column][et_pb_column type=\u00bb2_5&#8243; _builder_version=\u00bb4.16&#8243; custom_padding=\u00bb|||\u00bb global_colors_info=\u00bb{}\u00bb custom_padding__hover=\u00bb|||\u00bb][\/et_pb_column][\/et_pb_row][\/et_pb_section]<\/p>\n","protected":false},"excerpt":{"rendered":"<p>Soluciones Neosurf: impulse su negociohacia adelante Pagos Neosurf, la forma simple y segura de efectuar pagosNeosurf es una marca de pago confiable y probada, utilizada en todo el mundo por jugadores para realizar dep\u00f3sitos en efectivo en sus sitios de juego favoritos. Ahora puede utilizar Neosurf para todos sus pagos. Beneficios para el operador Utilizando [&hellip;]<\/p>\n","protected":false},"author":3,"featured_media":0,"parent":0,"menu_order":0,"comment_status":"closed","ping_status":"closed","template":"","meta":{"_et_pb_use_builder":"on","_et_pb_old_content":"","_et_gb_content_width":"","_exactmetrics_skip_tracking":false,"_exactmetrics_sitenote_active":false,"_exactmetrics_sitenote_note":"","_exactmetrics_sitenote_category":0,"footnotes":""},"class_list":["post-25728","page","type-page","status-publish","hentry"],"yoast_head":"<!-- This site is optimized with the Yoast SEO plugin v26.8 - https:\/\/yoast.com\/product\/yoast-seo-wordpress\/ -->\n<title>Neosurf | pago alternativo en l\u00ednea<\/title>\n<meta name=\"robots\" content=\"index, follow, max-snippet:-1, max-image-preview:large, max-video-preview:-1\" \/>\n<link rel=\"canonical\" href=\"https:\/\/business.neosurf.com\/es\/our-solutions\/\" \/>\n<meta property=\"og:locale\" content=\"es_ES\" \/>\n<meta property=\"og:type\" content=\"article\" \/>\n<meta property=\"og:title\" content=\"Neosurf | pago alternativo en l\u00ednea\" \/>\n<meta property=\"og:description\" content=\"Soluciones Neosurf: impulse su negociohacia adelante Pagos Neosurf, la forma simple y segura de efectuar pagosNeosurf es una marca de pago confiable y probada, utilizada en todo el mundo por jugadores para realizar dep\u00f3sitos en efectivo en sus sitios de juego favoritos. Ahora puede utilizar Neosurf para todos sus pagos. Beneficios para el operador Utilizando [&hellip;]\" \/>\n<meta property=\"og:url\" content=\"https:\/\/business.neosurf.com\/es\/our-solutions\/\" \/>\n<meta property=\"og:site_name\" content=\"Neosurf\" \/>\n<meta property=\"article:modified_time\" content=\"2025-06-10T10:32:07+00:00\" \/>\n<meta property=\"og:image\" content=\"https:\/\/business.neosurf.com\/wp-content\/uploads\/2023\/10\/NS_LOGOS_SSPPO_E72582_BACKGROUND.png\" \/>\n\t<meta property=\"og:image:width\" content=\"1083\" \/>\n\t<meta property=\"og:image:height\" content=\"730\" \/>\n\t<meta property=\"og:image:type\" content=\"image\/png\" \/>\n<meta name=\"twitter:card\" content=\"summary_large_image\" \/>\n<meta name=\"twitter:label1\" content=\"Tiempo de lectura\" \/>\n\t<meta name=\"twitter:data1\" content=\"9 minutos\" \/>\n<script type=\"application\/ld+json\" class=\"yoast-schema-graph\">{\"@context\":\"https:\/\/schema.org\",\"@graph\":[{\"@type\":\"WebPage\",\"@id\":\"https:\/\/business.neosurf.com\/es\/our-solutions\/\",\"url\":\"https:\/\/business.neosurf.com\/es\/our-solutions\/\",\"name\":\"Neosurf | pago alternativo en l\u00ednea\",\"isPartOf\":{\"@id\":\"https:\/\/business.neosurf.com\/es\/#website\"},\"datePublished\":\"2025-05-15T10:05:14+00:00\",\"dateModified\":\"2025-06-10T10:32:07+00:00\",\"breadcrumb\":{\"@id\":\"https:\/\/business.neosurf.com\/es\/our-solutions\/#breadcrumb\"},\"inLanguage\":\"es\",\"potentialAction\":[{\"@type\":\"ReadAction\",\"target\":[\"https:\/\/business.neosurf.com\/es\/our-solutions\/\"]}]},{\"@type\":\"BreadcrumbList\",\"@id\":\"https:\/\/business.neosurf.com\/es\/our-solutions\/#breadcrumb\",\"itemListElement\":[{\"@type\":\"ListItem\",\"position\":1,\"name\":\"Home\",\"item\":\"https:\/\/business.neosurf.com\/es\/\"},{\"@type\":\"ListItem\",\"position\":2,\"name\":\"Nuestras soluciones\"}]},{\"@type\":\"WebSite\",\"@id\":\"https:\/\/business.neosurf.com\/es\/#website\",\"url\":\"https:\/\/business.neosurf.com\/es\/\",\"name\":\"neoukteam-dev-businessneosurf.pf6002.wpserveur.net\",\"description\":\"So Simple to Pay and Play Online | Payments with Personality\",\"publisher\":{\"@id\":\"https:\/\/business.neosurf.com\/es\/#organization\"},\"potentialAction\":[{\"@type\":\"SearchAction\",\"target\":{\"@type\":\"EntryPoint\",\"urlTemplate\":\"https:\/\/business.neosurf.com\/es\/?s={search_term_string}\"},\"query-input\":{\"@type\":\"PropertyValueSpecification\",\"valueRequired\":true,\"valueName\":\"search_term_string\"}}],\"inLanguage\":\"es\"},{\"@type\":\"Organization\",\"@id\":\"https:\/\/business.neosurf.com\/es\/#organization\",\"name\":\"neoukteam-dev-businessneosurf.pf6002.wpserveur.net\",\"url\":\"https:\/\/business.neosurf.com\/es\/\",\"logo\":{\"@type\":\"ImageObject\",\"inLanguage\":\"es\",\"@id\":\"https:\/\/business.neosurf.com\/es\/#\/schema\/logo\/image\/\",\"url\":\"https:\/\/business.neosurf.com\/wp-content\/uploads\/2021\/02\/Neosurf-logo-full-white-980x482-1.png\",\"contentUrl\":\"https:\/\/business.neosurf.com\/wp-content\/uploads\/2021\/02\/Neosurf-logo-full-white-980x482-1.png\",\"width\":980,\"height\":482,\"caption\":\"neoukteam-dev-businessneosurf.pf6002.wpserveur.net\"},\"image\":{\"@id\":\"https:\/\/business.neosurf.com\/es\/#\/schema\/logo\/image\/\"},\"sameAs\":[\"https:\/\/www.linkedin.com\/company\/neosurf-cards\/\"]}]}<\/script>\n<!-- \/ Yoast SEO plugin. -->","yoast_head_json":{"title":"Neosurf | pago alternativo en l\u00ednea","robots":{"index":"index","follow":"follow","max-snippet":"max-snippet:-1","max-image-preview":"max-image-preview:large","max-video-preview":"max-video-preview:-1"},"canonical":"https:\/\/business.neosurf.com\/es\/our-solutions\/","og_locale":"es_ES","og_type":"article","og_title":"Neosurf | pago alternativo en l\u00ednea","og_description":"Soluciones Neosurf: impulse su negociohacia adelante Pagos Neosurf, la forma simple y segura de efectuar pagosNeosurf es una marca de pago confiable y probada, utilizada en todo el mundo por jugadores para realizar dep\u00f3sitos en efectivo en sus sitios de juego favoritos. Ahora puede utilizar Neosurf para todos sus pagos. Beneficios para el operador Utilizando [&hellip;]","og_url":"https:\/\/business.neosurf.com\/es\/our-solutions\/","og_site_name":"Neosurf","article_modified_time":"2025-06-10T10:32:07+00:00","og_image":[{"width":1083,"height":730,"url":"https:\/\/business.neosurf.com\/wp-content\/uploads\/2023\/10\/NS_LOGOS_SSPPO_E72582_BACKGROUND.png","type":"image\/png"}],"twitter_card":"summary_large_image","twitter_misc":{"Tiempo de lectura":"9 minutos"},"schema":{"@context":"https:\/\/schema.org","@graph":[{"@type":"WebPage","@id":"https:\/\/business.neosurf.com\/es\/our-solutions\/","url":"https:\/\/business.neosurf.com\/es\/our-solutions\/","name":"Neosurf | pago alternativo en l\u00ednea","isPartOf":{"@id":"https:\/\/business.neosurf.com\/es\/#website"},"datePublished":"2025-05-15T10:05:14+00:00","dateModified":"2025-06-10T10:32:07+00:00","breadcrumb":{"@id":"https:\/\/business.neosurf.com\/es\/our-solutions\/#breadcrumb"},"inLanguage":"es","potentialAction":[{"@type":"ReadAction","target":["https:\/\/business.neosurf.com\/es\/our-solutions\/"]}]},{"@type":"BreadcrumbList","@id":"https:\/\/business.neosurf.com\/es\/our-solutions\/#breadcrumb","itemListElement":[{"@type":"ListItem","position":1,"name":"Home","item":"https:\/\/business.neosurf.com\/es\/"},{"@type":"ListItem","position":2,"name":"Nuestras soluciones"}]},{"@type":"WebSite","@id":"https:\/\/business.neosurf.com\/es\/#website","url":"https:\/\/business.neosurf.com\/es\/","name":"neoukteam-dev-businessneosurf.pf6002.wpserveur.net","description":"So Simple to Pay and Play Online | Payments with Personality","publisher":{"@id":"https:\/\/business.neosurf.com\/es\/#organization"},"potentialAction":[{"@type":"SearchAction","target":{"@type":"EntryPoint","urlTemplate":"https:\/\/business.neosurf.com\/es\/?s={search_term_string}"},"query-input":{"@type":"PropertyValueSpecification","valueRequired":true,"valueName":"search_term_string"}}],"inLanguage":"es"},{"@type":"Organization","@id":"https:\/\/business.neosurf.com\/es\/#organization","name":"neoukteam-dev-businessneosurf.pf6002.wpserveur.net","url":"https:\/\/business.neosurf.com\/es\/","logo":{"@type":"ImageObject","inLanguage":"es","@id":"https:\/\/business.neosurf.com\/es\/#\/schema\/logo\/image\/","url":"https:\/\/business.neosurf.com\/wp-content\/uploads\/2021\/02\/Neosurf-logo-full-white-980x482-1.png","contentUrl":"https:\/\/business.neosurf.com\/wp-content\/uploads\/2021\/02\/Neosurf-logo-full-white-980x482-1.png","width":980,"height":482,"caption":"neoukteam-dev-businessneosurf.pf6002.wpserveur.net"},"image":{"@id":"https:\/\/business.neosurf.com\/es\/#\/schema\/logo\/image\/"},"sameAs":["https:\/\/www.linkedin.com\/company\/neosurf-cards\/"]}]}},"_links":{"self":[{"href":"https:\/\/business.neosurf.com\/es\/wp-json\/wp\/v2\/pages\/25728","targetHints":{"allow":["GET"]}}],"collection":[{"href":"https:\/\/business.neosurf.com\/es\/wp-json\/wp\/v2\/pages"}],"about":[{"href":"https:\/\/business.neosurf.com\/es\/wp-json\/wp\/v2\/types\/page"}],"author":[{"embeddable":true,"href":"https:\/\/business.neosurf.com\/es\/wp-json\/wp\/v2\/users\/3"}],"replies":[{"embeddable":true,"href":"https:\/\/business.neosurf.com\/es\/wp-json\/wp\/v2\/comments?post=25728"}],"version-history":[{"count":3,"href":"https:\/\/business.neosurf.com\/es\/wp-json\/wp\/v2\/pages\/25728\/revisions"}],"predecessor-version":[{"id":26149,"href":"https:\/\/business.neosurf.com\/es\/wp-json\/wp\/v2\/pages\/25728\/revisions\/26149"}],"wp:attachment":[{"href":"https:\/\/business.neosurf.com\/es\/wp-json\/wp\/v2\/media?parent=25728"}],"curies":[{"name":"wp","href":"https:\/\/api.w.org\/{rel}","templated":true}]}}